{"id":3,"date":"2021-03-11T03:42:01","date_gmt":"2021-03-11T03:42:01","guid":{"rendered":"https:\/\/demo.casethemes.net\/organio\/?page_id=3"},"modified":"2025-03-23T20:23:09","modified_gmt":"2025-03-23T19:23:09","slug":"privacy-policy","status":"publish","type":"page","link":"https:\/\/terraenatura.com\/en\/privacy-policy\/","title":{"rendered":"Privacy Policy"},"content":{"rendered":"<div data-elementor-type=\"wp-page\" data-elementor-id=\"3\" class=\"elementor elementor-3\">\n\t\t\t\t<div class=\"elementor-element elementor-element-ee94c86 e-flex e-con-boxed e-con e-parent\" data-id=\"ee94c86\" data-element_type=\"container\">\n\t\t\t\t\t<div class=\"e-con-inner\">\n\t\t\t\t<div class=\"elementor-element elementor-element-b5f35cb elementor-widget elementor-widget-text-editor\" data-id=\"b5f35cb\" data-element_type=\"widget\" data-widget_type=\"text-editor.default\">\n\t\t\t\t<div class=\"elementor-widget-container\">\n\t\t\t\t\t\t\t\t\t<p>Titolare del trattamento \u00e8: Terra e natura di Loris De Paola &#8211; Sede amministrativa: Via Trasversale Marecchia, 127\/129 &#8211;\u00a0 47822 Santarcangelo di Romagna (RN) &#8211; Indirizzo e-mail: privacy@terraenatura.com<\/p><h4><span style=\"text-decoration: underline;\">MEDIA<\/span><\/h4><p>Lo scopo del documento \u00e8 quello di fornire la massima trasparenza in relazione alle informazioni raccolte tramite i siti web e le WebApp e sulle modalit\u00e0 con cui tali informazioni sono trattate. Il presente documento non si applica alle informazioni raccolte tramite canali diversi da quelli indicati.<\/p><p>I dati personali trattati sono quelli da Lei comunicati o legittimamente reperiti dal Titolare. Le tipologie e le modalit\u00e0 del trattamento dei dati relativi ai siti web sono nel seguito descritte.<\/p><p>Dati di navigazione\/funzionamento dei siti web. I sistemi informatici, telematici e le procedure software preposte al funzionamento dei siti web acquisiscono nel corso del loro normale esercizio, alcuni dati la cui trasmissione \u00e8 implicita nell\u2019uso dei protocolli di comunicazione web. In questa categoria di dati rientrano ad esempio gli indirizzi IP, la data e l\u2019ora dell\u2019accesso, le pagine visitate (URI\/URL), il codice numerico indicante lo stato della risposta data dal server, il metodo utilizzato nel sottoporre la richiesta al server, i nomi dei dispositivi utilizzati per connettersi ai siti ed altri parametri relativi al sistema operativo e all\u2019ambiente informatico dell\u2019utente.<\/p><p>Dati volontariamente forniti. In alcune sezioni dei siti web sono richiesti alcuni dati personali, per esempio, per consentirLe l\u2019iscrizione alla newsletter\u00a0 oppure la registrazione a al sito. In quest\u2019ultimo caso se Lei \u00e8 gi\u00e0 registrato a , Le verr\u00e0 richiesto l\u2019indirizzo e-mail e password di registrazione ; se invece Lei non \u00e8 registrato , all\u2019atto della registrazione Le verr\u00e0 richiesto di fornire i dati personali (nome cognome, mail).<\/p><p>Dati raccolti tramite tracciamento (cookie). Il tracciamento avviene tramite codice eseguito all\u2019interno dei siti web sia a livello server (es. servizi, procedure) che a livello client (es. tag, pixel), anche con il supporto di codice installato sul Suo browser (es. cookie). Per quanto riguarda la finalit\u00e0 e la gestione dei consensi relativi ai tracciamenti si rimanda alla specifica sezione &#8220;Informativa cookie&#8221; del singolo sito web.<\/p><p>Dati di localizzazione. I siti web possono raccogliere, a seguito di una sua specifica autorizzazione, i dati di localizzazione (approssimativi) forniti dal Suo indirizzo IP.<\/p><p>Dati di condivisione dei contenuti tramite Social Network. I siti web indicati in premessa potrebbero includere plugin e\/o bottoni al fine di consentire la condivisione dei contenuti sui Social Network (ad esempio Facebook, Twitter, LinkedIn, YouTube, Instagram) da Lei utilizzati.<\/p><p>I dati personali trattati sono quelli da Lei comunicati o legittimamente reperiti dal Titolare. Le tipologie e le modalit\u00e0 del trattamento dei dati relativi alle WebApp sono nel seguito descritte.<\/p><p>Dati di navigazione\/funzionamento delle WebApp. I sistemi informatici, telematici e le procedure software preposte al funzionamento delle WebApp acquisiscono nel corso del loro normale esercizio, alcuni dati la cui trasmissione \u00e8 implicita per il normale funzionamento delle stesse. In questa categoria di dati rientrano ad esempio informazioni relative al dispositivo mobile sul quale sono installate le WebApp, alcuni parametri relativi al sistema operativo (Android o iOS).<\/p><p>Dati volontariamente forniti. Per poter usare a pieno le funzionalit\u00e0 delle WebApp, pu\u00f2 accedere al profilo . Se Lei \u00e8 gi\u00e0 registrato al sito , Le verr\u00e0 richiesto l\u2019indirizzo e-mail e password di registrazione , se Lei invece non \u00e8 registrato , all\u2019atto della registrazione Le verr\u00e0 richiesto di fornire i dati personali (nome, cognome, indirizzo) che verranno memorizzati nelle WebApp. Per usufruire di alcuni servizi (a titolo esemplificativo, aree di consegna a casa), potrebbero essere richiesti ulteriori dati strumentali all\u2019erogazione del servizio.<\/p><p>Si precisa che in caso di disinstallazione delle WebApp i dati personali raccolti ai fini della registrazione non saranno cancellati. Dati raccolti tramite tracciamento (identificativi mobile). Il tracciamento avviene tramite codice eseguito all\u2019interno della WebApp sia a livello server (es. servizi, procedure) che a livello client (es. tag, pixel), anche con il supporto di codice installato sul Suo dispositivo mobile (es. identificativi mobile).Per quanto riguarda la finalit\u00e0 e la gestione dei consensi relativi ai tracciamenti si rimanda alla specifica sezione &#8220;Informativa identificativi mobile&#8221; delle WebApp.<\/p><p>Dati di localizzazione. Le WebApp possono trattare i dati di localizzazione forniti dal Suo dispositivo. Qualora Lei abbia scelto di attivare tale funzionalit\u00e0 dal suo dispositivo mobile le WebApp potrebbero quindi ricevere un\u2019approssimazione della sua posizione geografica. In particolare, la WebApp pu\u00f2 impiegare delle funzionalit\u00e0 di Google Maps (in caso di utilizzo del sistema operativo Android) e di Apple Map Framework (in caso di utilizzo del sistema operativo IOS) che possono acquisire dati relativi alla Sua posizione geografica (GPS, Wi-Fi, rete GSM). La WebApp accede ai dati relativi alla Sua posizione geografica unicamente in caso di utilizzo del servizio e, in particolare, a partire dalla selezione dell\u2019ordine da ritirare presso il punto vendita da Lei prescelto. Questi dati possono essere raccolti solo quando la WebApp \u00e8 attiva e solo in caso di consenso alla raccolta dei dati di geolocalizzazione per l\u2019utilizzo del servizio . Infatti, il conferimento di tali dati personali \u00e8 facoltativo; nel caso in cui non desideri condividere la Sua posizione geografica attraverso il dispositivo mobile, avr\u00e0 la facolt\u00e0 di revocare in qualsiasi momento tale consenso, modificando le impostazioni del Suo sistema operativo o mediante apposita sezione della WebApp.<\/p><p>Notifiche push. Le WebApp possono inviarLe notifiche push relative al servizio se Lei ha attivato l\u2019invio di notifiche push tramite il sistema operativo del Suo dispositivo (Android o IOS).<\/p><p>CONFERIMENTO DEI DATI<\/p><p>Fatto salvo quanto sopra riportato in relazione ai dati di navigazione e nelle informative fornite nelle singole sezioni dei suddetti canali, il conferimento dei dati per finalit\u00e0 ulteriori \u00e8 facoltativo. Il loro mancato conferimento pu\u00f2 comportare l\u2019impossibilit\u00e0 di perseguire tali ulteriori finalit\u00e0 rispetto a quelle elencate al successivo art. 6.<\/p><h4><span style=\"text-decoration: underline;\">FINALIT\u00c0 DEL TRATTAMENTO, BASE GIURIDICA E TEMPI DI CONSERVAZIONE<\/span><\/h4><p>Il Titolare tratta i Suoi Dati Personali per il conseguimento di finalit\u00e0 precise e solo in presenza di una specifica base giuridica prevista dalla legge applicabile in materia di privacy e protezione dei dati personali.<\/p><p>Moduli di contatto<\/p><p>cookies<\/p><p>Se lasci un commento sul nostro sito, puoi scegliere di salvare il tuo nome, indirizzo email e sito web nei cookie. Questi sono per la tua comodit\u00e0 in modo che tu non debba inserire nuovamente i tuoi dati quando lasci un altro commento. Questi cookie dureranno per un anno.<\/p><p>Se hai un account e accedi a questo sito, imposteremo un cookie temporaneo per determinare se il tuo browser accetta i cookie. Questo cookie non contiene dati personali e viene eliminato quando chiudi il browser.<\/p><p>Quando effettui l&#8217;accesso, imposteremo anche diversi cookie per salvare le tue informazioni di accesso e le tue scelte di visualizzazione dello schermo. I cookie di accesso durano due giorni e i cookie delle opzioni dello schermo durano un anno. Se selezioni &#8220;Ricordami&#8221;, il tuo accesso persister\u00e0 per due settimane. Se esci dal tuo account, i cookie di accesso verranno rimossi.<\/p><p>Se modifichi o pubblichi un articolo, un cookie aggiuntivo verr\u00e0 salvato nel tuo browser. Questo cookie non include dati personali e indica semplicemente l&#8217;ID del post dell&#8217;articolo che hai appena modificato. Scade dopo 1 giorno.<\/p><p>Questi siti web potrebbero raccogliere dati su di te, usare cookie, integrare ulteriori tracciamenti di terze parti e monitorare la tua interazione con quel contenuto incorporato, incluso il tracciamento della tua interazione con il contenuto incorporato se hai un account e hai effettuato l&#8217;accesso a quel sito web.<\/p>\t\t\t\t\t\t\t\t<\/div>\n\t\t\t\t<\/div>\n\t\t\t\t\t<\/div>\n\t\t\t\t<\/div>\n\t\t\t\t<\/div>","protected":false},"excerpt":{"rendered":"<p>Titolare del trattamento \u00e8: Terra e natura di Loris De Paola &#8211; Sede amministrativa: Via Trasversale Marecchia, 127\/129 &#8211;\u00a0 47822 Santarcangelo di Romagna (RN) &#8211; Indirizzo e-mail: privacy@terraenatura.com MEDIA Lo scopo del documento \u00e8 quello di fornire la massima trasparenza in relazione alle informazioni raccolte tramite i siti web e le WebApp e sulle modalit\u00e0 &hellip; <br \/><a href=\"https:\/\/terraenatura.com\/en\/privacy-policy\/\" class=\"more-link\">Continue reading <span class=\"screen-reader-text\">Privacy Policy<\/span><\/a><\/p>","protected":false},"author":1,"featured_media":0,"parent":0,"menu_order":0,"comment_status":"closed","ping_status":"closed","template":"","meta":{"footnotes":""},"class_list":["post-3","page","type-page","status-publish","hentry"],"_links":{"self":[{"href":"https:\/\/terraenatura.com\/en\/wp-json\/wp\/v2\/pages\/3","targetHints":{"allow":["GET"]}}],"collection":[{"href":"https:\/\/terraenatura.com\/en\/wp-json\/wp\/v2\/pages"}],"about":[{"href":"https:\/\/terraenatura.com\/en\/wp-json\/wp\/v2\/types\/page"}],"author":[{"embeddable":true,"href":"https:\/\/terraenatura.com\/en\/wp-json\/wp\/v2\/users\/1"}],"replies":[{"embeddable":true,"href":"https:\/\/terraenatura.com\/en\/wp-json\/wp\/v2\/comments?post=3"}],"version-history":[{"count":6,"href":"https:\/\/terraenatura.com\/en\/wp-json\/wp\/v2\/pages\/3\/revisions"}],"predecessor-version":[{"id":12086,"href":"https:\/\/terraenatura.com\/en\/wp-json\/wp\/v2\/pages\/3\/revisions\/12086"}],"wp:attachment":[{"href":"https:\/\/terraenatura.com\/en\/wp-json\/wp\/v2\/media?parent=3"}],"curies":[{"name":"wp","href":"https:\/\/api.w.org\/{rel}","templated":true}]}}