{"id":6862,"date":"2025-02-02T09:58:44","date_gmt":"2025-02-02T08:58:44","guid":{"rendered":"https:\/\/demo.casethemes.net\/organio\/?page_id=6862"},"modified":"2025-03-23T20:27:32","modified_gmt":"2025-03-23T19:27:32","slug":"termini-e-condizioni","status":"publish","type":"page","link":"https:\/\/terraenatura.com\/en\/termini-e-condizioni\/","title":{"rendered":"Termini e condizioni"},"content":{"rendered":"<div data-elementor-type=\"wp-page\" data-elementor-id=\"6862\" class=\"elementor elementor-6862\">\n\t\t\t\t<div class=\"elementor-element elementor-element-4c10052c e-flex e-con-boxed e-con e-parent\" data-id=\"4c10052c\" data-element_type=\"container\">\n\t\t\t\t\t<div class=\"e-con-inner\">\n\t\t\t\t<div class=\"elementor-element elementor-element-2c9026e9 elementor-widget elementor-widget-text-editor\" data-id=\"2c9026e9\" data-element_type=\"widget\" data-widget_type=\"text-editor.default\">\n\t\t\t\t<div class=\"elementor-widget-container\">\n\t\t\t\t\t\t\t\t\t<p>Questi Termini saranno applicati integralmente e avranno effetto sul tuo utilizzo di questo Sito Web. Utilizzando questo Sito Web, consenti di accettare tutti i termini e le condizioni qui riportati. Non devi utilizzare questo Sito Web se non sei d&#8217;accordo con uno qualsiasi di questi Termini e Condizioni Standard del Sito Web.<\/p>\n<p>Terra e natura \u00a0osserva la normativa in materia di contratti conclusi a distanza di cui agli art. 49 e seguenti del D. Lgs 206\/2005 s.m.i..<\/p>\n<p>Si prega di leggere attentamente le presenti Condizioni Generali sotto riportate, che costituiscono un accordo vincolante per la fruizione del Servizio e l\u2019utilizzo del Sito e\/o dell\u2019App, con invito a stamparle e\/o salvarle su altro supporto duraturo a scelta.<\/p>\n<p>Tali Condizioni possono essere modificate in ogni momento da Terra e natura; eventuali modifiche saranno in vigore dal momento della pubblicazione sul Sito e\/o sull\u2019App e si applicheranno alle sole vendite concluse successivamente alla pubblicazione medesima.<\/p>\n<h4><span style=\"text-decoration: underline;\">OFFERTA AL PUBBLICO<\/span><\/h4>\n<p>Tutti i prodotti ed i prezzi indicati sul Sito e\/o sull&#8217;App costituiscono un&#8217;offerta al pubblico con le limitazioni e le modalit\u00e0 contenute nelle presenti Condizioni. La vendita al dettaglio al consumatore finale dei prodotti presenti e ordinabili sul Sito e sull\u2019App non potr\u00e0 essere destinata ad attivit\u00e0 imprenditoriale o professionale.<\/p>\n<h4><span style=\"text-decoration: underline;\">PRODOTTI<\/span><\/h4>\n<p>Terra e natura\u00a0 si riserva il diritto di modificare in qualsiasi momento l&#8217;assortimento dei prodotti offerti sul Sito e\/o sul&#8217;App, nonch\u00e9 i relativi prezzi e\/o caratteristiche degli stessi.<\/p>\n<p>In ogni caso terra e natura non effettuer\u00e0 alcuna variazione di prezzo o di descrizione dei prodotti successivamente all&#8217;invio della conferma dell\u2019Ordine da parte di Terra e Natura al cliente. La veste grafica dei prodotti inserita sul Sito e\/o sull\u2019App \u00e8 inserita a scopo meramente illustrativo e pertanto potrebbe non coincidere con quella dei prodotti consegnati nel caso in cui il produttore abbia modificato la confezione e, quindi, per motivi indipendenti dalla volont\u00e0 di terra e natura. Altres\u00ec le foto proposte sul Sito e\/o sull&#8217;App sono indicative, pertanto gli articoli potrebbero subire delle variazioni rispetto alla presentazione a catalogo o rappresentare il prodotto gi\u00e0 cotto o preparato.<\/p>\n<p>Nel caso di acquisto di &#8220;prodotti \u00a0a peso variabile&#8221; ossia prodotti il cui peso effettivo si determina soltanto nel momento della loro preparazione e\/o pesatura (ad es. frutta, verdura, carne, pesce, prodotti di gastronomia e formaggi), i prezzi sono proposti nel Sito e nell\u2019App in misura e pesi indicativi:<\/p>\n<p>il peso effettivo, potr\u00e0 variare fino al 20% in pi\u00f9 o in meno rispetto a quanto indicativamente proposto nel Sito e\/o nell&#8217;App e per tale motivo, ove la spesa comprenda uno o pi\u00f9 di tali prodotti, il peso e l&#8217;importo determinato al momento dell&#8217;Ordine potranno differire dal peso e dall&#8217;importo effettivo calcolato al momento dell&#8217;emissione dello scontrino;<\/p>\n<p>l&#8217;importo calcolato al momento dell&#8217;Ordine sar\u00e0 determinato sommando al totale della spesa il 20% dell&#8217;importo totale dei prodotti a peso variabile.<\/p>\n<p>Ne consegue che l&#8217;esatto importo della spesa verr\u00e0 comunicato con il documento di consegna e quindi addebitato esclusivamente al momento della consegna della spesa.<\/p>\n<h4><span style=\"text-decoration: underline;\">PREZZI E PROMOZIONI<\/span><\/h4>\n<p>Tutti i prezzi sono comprensivi di IVA e spese di imballaggio.<\/p>\n<p>Non sono incluse le spese di spedizione che saranno calcolate prima della conferma dell\u2019Ordine trasmessa da Terra e natura al cliente.<\/p>\n<p>I prezzi dei prodotti e le relative promozioni sono calcolati al momento dell&#8217;inoltro dell&#8217;Ordine o al momento della modifica dello stesso con successiva conferma da parte di Terra e natura. Pertanto, Terra e natura non potr\u00e0 garantire che il prezzo dell&#8217;articolo, inserito nel carrello, rimanga invariato tra l\u2019inserimento dello stesso nel carrello e l&#8217;effettivo inoltro dell&#8217;Ordine (alcuni sconti e\/o promozioni sono validi solo per un periodo di tempo limitato, pertanto la promozione potrebbe scadere nel momento dell&#8217;inoltro dell&#8217;Ordine).<\/p>\n<p>I prezzi dei prodotti e le promozioni presenti on-line potrebbero essere diversi da quelli applicati nel negozio<\/p>\n<p>Alla spesa del cliente si applicher\u00e0 esclusivamente il prezzo (per unit\u00e0 di misura Euro\/Kg per i prodotti a peso variabile e per confezione per tutti gli altri prodotti) calcolato al momento dell&#8217;Ordine, senza alcun<\/p>\n<h4><span style=\"text-decoration: underline;\">ACCETTAZIONE DEGLI ORDINI<\/span><\/h4>\n<p>L&#8217;Ordine, inviato dal cliente, sar\u00e0 vincolante per terra e natura solamente se l&#8217;intera procedura sar\u00e0 stata completata regolarmente ed in modo corretto senza alcuna evidenziazione di messaggi di errore da parte del Sito e\/o dell&#8217;App.<\/p>\n<p>Terra e natura non inserir\u00e0 nella spesa prodotti non espressamente ordinati dal cliente o accettati quali prodotti sostitutivi.<\/p>\n<p>Si precisa che l\u2019acquisto di Prodotti Virtuali non \u00e8 soggetto al raggiungimento di una Soglia Minima di Acquisto.<\/p>\n<h4><span style=\"text-decoration: underline;\">CONFERMA O ANNULLAMENTO ORDINI<\/span><\/h4>\n<p>Terra e natura\u00a0 si riserva di comunicare al cliente l&#8217;eventuale variazione dei termini di modifica\/cancellazione d&#8217;Ordine sopra indicati.<\/p>\n<p>Si ricorda che il cliente potr\u00e0 verificare in ogni momento il riepilogo dei prodotti, , il costo totale dell\u2019Ordine, la data ed ora di consegna, i termini per la modifica e\/o cancellazione dell\u2019Ordine (qualora applicabili), nella propria area personale sia del Sito che dell\u2019App.<\/p>\n<p>Terra e natura , a seguito di impreviste difficolt\u00e0 logistiche ed organizzative, potr\u00e0 annullare l&#8217;Ordine dandone comunicazione via e-mail al cliente o, previo accordo con lo stesso, modificare giorno e\/o ora di consegna. In caso di eccessive richieste da parte della clientela, Terra e natura si riserva la facolt\u00e0 di limitare il numero delle modifiche agli Ordini gi\u00e0 effettuati.<\/p>\n<p>Il cliente potr\u00e0 modificare e cancellare l&#8217;Ordine\u00a0 entro 24 (ventiquattro) ore dalla fascia di consegna indicata;<\/p>\n<p>Gli Ordini sono altres\u00ec soggetti ad accettazione da parte di Terra e natura che si riserva, a propria esclusiva discrezione, di non eseguire o rifiutare l&#8217;Ordine nei seguenti casi:<\/p>\n<p>errate informazioni fornite dal cliente al momento dell&#8217;inoltro dell&#8217;Ordine (a titolo esemplificativo: errato numero di carta di pagamento, o errata indicazione del codice di sicurezza, errato o insufficiente indirizzo di consegna ;<\/p>\n<p>indisponibilit\u00e0 dei prodotti ordinati<\/p>\n<p>In caso di rifiuto o non esecuzione dell&#8217;Ordine, Terra e Natura\u00a0 comunicher\u00e0 al Cliente tale informazione al pi\u00f9 presto e non oltre la data fissata per la consegna dell&#8217;Ordine tale impossibilit\u00e0..<\/p>\n<h4><span style=\"text-decoration: underline;\">CONSEGNA<\/span><\/h4>\n<p>I prodotti ordinati dal cliente saranno consegnati secondo le modalit\u00e0 di consegna di seguito indicate:<\/p>\n<p>Terra e natura consegna la spesa solamente nelle zone specificate nel Sito e\/o sulla WebApp. La spesa verr\u00e0 consegnata nella fascia oraria della giornata prescelta dal cliente. Il servizio di consegna viene inoltre garantito solo per le abitazioni raggiungibili con i mezzi in dotazione di Terra e Natura (sono escluse ad esempio le abitazioni che siano raggiungibili solo tramite strade sterrate o esclusivamente pedonali). Il personale si limiter\u00e0 a consegnare la merce sul pianerottolo davanti alla porta d&#8217;ingresso dell&#8217;abitazione. Per ragioni organizzative e di efficienza del servizio, la spesa non potr\u00e0 essere verificata o controllata dal cliente al momento della consegna. Per qualsiasi anomalia riscontrata contattare il Servizio Clienti. Terra e Natura \u00a0non sar\u00e0 responsabile per eventuali ritardi occorsi durante il trasporto. Parimenti Terra e Natura non potr\u00e0 essere ritenuta responsabile per qualsiasi perdita, danno, errata o mancata consegna causati da eventi e\/o cause di forza maggiore o caso fortuito, quali a titolo indicativo ma non esaustivo: calamit\u00e0 naturali, avverse condizioni atmosferiche (quali ad esempio intense nevicate), eventuali scioperi (dei propri o di altri dipendenti), incidenti a mezzi di trasporto, esplosioni, o ogni altra causa, simile o diversa. Il costo della consegna \u00e8 pari a:\u00a0euro 5 (cinque) per spese<\/p>\n<h4><span style=\"text-decoration: underline;\">PRODOTTI NON DISPONIBILI E LIMITAZIONI ALL&#8217;ACQUISTO<\/span><\/h4>\n<p>Terra e natura\u00a0 non sar\u00e0 in alcun modo responsabile per la temporanea o definitiva indisponibilit\u00e0 di uno o pi\u00f9 prodotti. Nel caso di indisponibilit\u00e0, anche temporanea, dei prodotti richiesti, Terra e Natura si impegna a non addebitare al cliente il prezzo corrispondente. Nel sito sono evidenziati i casi in cui valgano limitazioni all&#8217;acquisto di singoli prodotti.<\/p>\n<h4><span style=\"text-decoration: underline;\">MANCATA CONSEGNA O RITIRO<\/span><\/h4>\n<p>per la consegna della spesa \u00e8 necessaria la presenza del cliente o di un suo incaricato all&#8217;indirizzo ed all&#8217;orario indicato nell&#8217;Ordine. Qualora il cliente non fosse presente, al momento della consegna, l&#8217;Ordine si intender\u00e0 consegnato ed al cliente verr\u00e0 addebitato il costo della consegna e quello dei prodotti non pi\u00f9 alienabili a terzi (ad es. i prodotti alimentari freschi e deperibili come carne, pesce, surgelati, frutta, verdura, latticini, salumi, prodotti di gastronomia ); sar\u00e0 inoltre facolt\u00e0 di Terra e Natura escludere il cliente dal servizio.<\/p>\n<h4><span style=\"text-decoration: underline;\">PAGAMENTO<\/span><\/h4>\n<p>Il pagamento potr\u00e0 essere effettuato dal cliente online, come di seguito specificato:<\/p>\n<p>con carte di credito, debito e prepagate abilitate ai pagamenti online dei circuiti MasterCard, Visa, American Express,\u00a0con carta prepagata,\u00a0PayPal,\u00a0BANCOMAT Pay, SatisPay, Bonifico Bancario.<\/p>\n<p>Il pagamento potr\u00e0 essere effettuato anche in contanti alla consegna.<\/p>\n<h4><span style=\"text-decoration: underline;\">FATTURA<\/span><\/h4>\n<p>L&#8217;emissione della fattura non \u00e8 obbligatoria, se non \u00e8 richiesta dal Cliente non oltre il momento di effettuazione dell&#8217;ordine come indicato nel D.P.R. del 26\/10\/1972 n. 633 &#8211; art.22. I dati di fatturazione devono essere inseriti dal cliente o in fase di registrazione o al momento dell&#8217;Ordine.<\/p>\n<h4><span style=\"text-decoration: underline;\">DIRITTO DI RECESSO<\/span><\/h4>\n<p>I diritti del cliente sono tutelati dal D. Lgs 206\/2005 s.m.i.. Il cliente ha, pertanto, il diritto di recedere dal contratto, anche parzialmente, senza spiegazioni e senza aggravio di spese, a condizione che il recesso sia comunicato mediante mail o whatsapp.<\/p>\n<p>Fermo quanto sopra, il diritto di recesso non \u00e8 consentito nel caso di:<\/p>\n<p>acquisto di prodotti confezionati sigillati, aperti dal Cliente;<\/p>\n<p>di beni confezionati su misura o personalizzati (ad es. prodotti di gastronomia);<\/p>\n<p>di beni che per loro natura non possono essere rispediti o rischiano di deteriorarsi o alterarsi rapidamente (ad es. i prodotti alimentari freschi e deperibili come i prodotti di gastronomia);<\/p>\n<p>Legge applicabile e giurisdizione<\/p>\n<p>I presenti Termini saranno disciplinati e interpretati in conformit\u00e0 con le leggi dello Stato del Paese e l&#8217;utente si sottopone alla giurisdizione non esclusiva dei tribunali statali e federali situati nel Paese per la risoluzione di eventuali controversie.<\/p>\n\t\t\t\t\t\t\t\t<\/div>\n\t\t\t\t<\/div>\n\t\t\t\t\t<\/div>\n\t\t\t\t<\/div>\n\t\t\t\t<\/div>","protected":false},"excerpt":{"rendered":"<p>Questi Termini saranno applicati integralmente e avranno effetto sul tuo utilizzo di questo Sito Web. Utilizzando questo Sito Web, consenti di accettare tutti i termini e le condizioni qui riportati. Non devi utilizzare questo Sito Web se non sei d&#8217;accordo con uno qualsiasi di questi Termini e Condizioni Standard del Sito Web. Terra e natura &hellip; <br \/><a href=\"https:\/\/terraenatura.com\/en\/termini-e-condizioni\/\" class=\"more-link\">Continue reading <span class=\"screen-reader-text\">Termini e condizioni<\/span><\/a><\/p>","protected":false},"author":1,"featured_media":0,"parent":0,"menu_order":0,"comment_status":"closed","ping_status":"closed","template":"","meta":{"footnotes":""},"class_list":["post-6862","page","type-page","status-publish","hentry"],"_links":{"self":[{"href":"https:\/\/terraenatura.com\/en\/wp-json\/wp\/v2\/pages\/6862","targetHints":{"allow":["GET"]}}],"collection":[{"href":"https:\/\/terraenatura.com\/en\/wp-json\/wp\/v2\/pages"}],"about":[{"href":"https:\/\/terraenatura.com\/en\/wp-json\/wp\/v2\/types\/page"}],"author":[{"embeddable":true,"href":"https:\/\/terraenatura.com\/en\/wp-json\/wp\/v2\/users\/1"}],"replies":[{"embeddable":true,"href":"https:\/\/terraenatura.com\/en\/wp-json\/wp\/v2\/comments?post=6862"}],"version-history":[{"count":8,"href":"https:\/\/terraenatura.com\/en\/wp-json\/wp\/v2\/pages\/6862\/revisions"}],"predecessor-version":[{"id":12089,"href":"https:\/\/terraenatura.com\/en\/wp-json\/wp\/v2\/pages\/6862\/revisions\/12089"}],"wp:attachment":[{"href":"https:\/\/terraenatura.com\/en\/wp-json\/wp\/v2\/media?parent=6862"}],"curies":[{"name":"wp","href":"https:\/\/api.w.org\/{rel}","templated":true}]}}