{"id":9134,"date":"2025-02-15T10:01:38","date_gmt":"2025-02-15T09:01:38","guid":{"rendered":"https:\/\/terraenatura.com\/reward-points-rules\/"},"modified":"2025-03-23T20:34:45","modified_gmt":"2025-03-23T19:34:45","slug":"raccolta-punti","status":"publish","type":"page","link":"https:\/\/terraenatura.com\/en\/raccolta-punti\/","title":{"rendered":"Raccolta punti"},"content":{"rendered":"<div data-elementor-type=\"wp-page\" data-elementor-id=\"9134\" class=\"elementor elementor-9134\">\n\t\t\t\t<div class=\"elementor-element elementor-element-3ae4de75 e-flex e-con-boxed e-con e-parent\" data-id=\"3ae4de75\" data-element_type=\"container\">\n\t\t\t\t\t<div class=\"e-con-inner\">\n\t\t\t\t<div class=\"elementor-element elementor-element-7bca40b4 elementor-widget elementor-widget-text-editor\" data-id=\"7bca40b4\" data-element_type=\"widget\" data-widget_type=\"text-editor.default\">\n\t\t\t\t<div class=\"elementor-widget-container\">\n\t\t\t\t\t\t\t\t\t<p>Raccogli i Punti di Terra &amp; Natura per avere degli sconti sugli acquisti successivi.<br \/>ACCUMULA 1 PUNTO OGNI \u20ac 30,00 DI SPESA<br \/>Ottieni un BUONO ACQUISTO da \u20ac 10,00 ogni 20 punti accumulati.<\/p><p>Tale BUONO d\u00e0 diritto ad uno sconto di pari entit\u00e0 sulla spesa e non potr\u00e0 essere convertito in denaro.<\/p><p>SEI GI\u00c0 NOSTRO STORICO CLIENTE?<br \/>Se sei gi\u00e0 un nostro storico cliente, scopri nella sezione dedicata del tuo account quanti punti hai\u00a0gi\u00e0\u00a0accumulato<\/p>\t\t\t\t\t\t\t\t<\/div>\n\t\t\t\t<\/div>\n\t\t\t\t\t<\/div>\n\t\t\t\t<\/div>\n\t\t\t\t<\/div>","protected":false},"excerpt":{"rendered":"<p>Raccogli i Punti di Terra &amp; Natura per avere degli sconti sugli acquisti successivi.ACCUMULA 1 PUNTO OGNI \u20ac 30,00 DI SPESAOttieni un BUONO ACQUISTO da \u20ac 10,00 ogni 20 punti accumulati. Tale BUONO d\u00e0 diritto ad uno sconto di pari entit\u00e0 sulla spesa e non potr\u00e0 essere convertito in denaro. SEI GI\u00c0 NOSTRO STORICO CLIENTE?Se &hellip; <br \/><a href=\"https:\/\/terraenatura.com\/en\/raccolta-punti\/\" class=\"more-link\">Continue reading <span class=\"screen-reader-text\">Raccolta punti<\/span><\/a><\/p>","protected":false},"author":1,"featured_media":0,"parent":0,"menu_order":0,"comment_status":"closed","ping_status":"closed","template":"","meta":{"footnotes":""},"class_list":["post-9134","page","type-page","status-publish","hentry"],"_links":{"self":[{"href":"https:\/\/terraenatura.com\/en\/wp-json\/wp\/v2\/pages\/9134","targetHints":{"allow":["GET"]}}],"collection":[{"href":"https:\/\/terraenatura.com\/en\/wp-json\/wp\/v2\/pages"}],"about":[{"href":"https:\/\/terraenatura.com\/en\/wp-json\/wp\/v2\/types\/page"}],"author":[{"embeddable":true,"href":"https:\/\/terraenatura.com\/en\/wp-json\/wp\/v2\/users\/1"}],"replies":[{"embeddable":true,"href":"https:\/\/terraenatura.com\/en\/wp-json\/wp\/v2\/comments?post=9134"}],"version-history":[{"count":7,"href":"https:\/\/terraenatura.com\/en\/wp-json\/wp\/v2\/pages\/9134\/revisions"}],"predecessor-version":[{"id":12093,"href":"https:\/\/terraenatura.com\/en\/wp-json\/wp\/v2\/pages\/9134\/revisions\/12093"}],"wp:attachment":[{"href":"https:\/\/terraenatura.com\/en\/wp-json\/wp\/v2\/media?parent=9134"}],"curies":[{"name":"wp","href":"https:\/\/api.w.org\/{rel}","templated":true}]}}