{"id":10048,"date":"2025-02-22T12:40:34","date_gmt":"2025-02-22T11:40:34","guid":{"rendered":"https:\/\/terraenatura.com\/?post_type=product&#038;p=10048"},"modified":"2025-02-22T12:42:05","modified_gmt":"2025-02-22T11:42:05","slug":"riso-carnaroli-per-te-kg-1","status":"publish","type":"product","link":"https:\/\/terraenatura.com\/en\/product\/riso-carnaroli-per-te-kg-1\/","title":{"rendered":"Riso Carnaroli Per Te kg 1"},"content":{"rendered":"<p>Il Riso Carnaroli \u00e8 una variet\u00e0 di riso italiano, considerato uno dei migliori per la preparazione di risotti. Originario del Piemonte, \u00e8 caratterizzato da chicchi lunghi e affusolati, con una superficie pi\u00f9 soda rispetto ad altre variet\u00e0, che gli consente di assorbire i liquidi senza scuocere. La sua alta capacit\u00e0 di assorbire i condimenti e la cremosit\u00e0 che sviluppa durante la cottura lo rendono particolarmente apprezzato dai cuochi professionisti. Inoltre, il Carnaroli \u00e8 ricco di amido, ideale per ottenere risotti cremosi e consistenti.<\/p>","protected":false},"excerpt":{"rendered":"<p>1 Confezione 1 kg.<\/p>","protected":false},"featured_media":10049,"comment_status":"open","ping_status":"closed","template":"","meta":[],"product_brand":[],"product_cat":[98],"product_tag":[],"class_list":{"0":"post-10048","1":"product","2":"type-product","3":"status-publish","4":"has-post-thumbnail","6":"product_cat-pasta-e-riso","8":"first","9":"instock","10":"shipping-taxable","11":"purchasable","12":"product-type-simple"},"_links":{"self":[{"href":"https:\/\/terraenatura.com\/en\/wp-json\/wp\/v2\/product\/10048","targetHints":{"allow":["GET"]}}],"collection":[{"href":"https:\/\/terraenatura.com\/en\/wp-json\/wp\/v2\/product"}],"about":[{"href":"https:\/\/terraenatura.com\/en\/wp-json\/wp\/v2\/types\/product"}],"replies":[{"embeddable":true,"href":"https:\/\/terraenatura.com\/en\/wp-json\/wp\/v2\/comments?post=10048"}],"version-history":[{"count":1,"href":"https:\/\/terraenatura.com\/en\/wp-json\/wp\/v2\/product\/10048\/revisions"}],"predecessor-version":[{"id":10050,"href":"https:\/\/terraenatura.com\/en\/wp-json\/wp\/v2\/product\/10048\/revisions\/10050"}],"wp:featuredmedia":[{"embeddable":true,"href":"https:\/\/terraenatura.com\/en\/wp-json\/wp\/v2\/media\/10049"}],"wp:attachment":[{"href":"https:\/\/terraenatura.com\/en\/wp-json\/wp\/v2\/media?parent=10048"}],"wp:term":[{"taxonomy":"product_brand","embeddable":true,"href":"https:\/\/terraenatura.com\/en\/wp-json\/wp\/v2\/product_brand?post=10048"},{"taxonomy":"product_cat","embeddable":true,"href":"https:\/\/terraenatura.com\/en\/wp-json\/wp\/v2\/product_cat?post=10048"},{"taxonomy":"product_tag","embeddable":true,"href":"https:\/\/terraenatura.com\/en\/wp-json\/wp\/v2\/product_tag?post=10048"}],"curies":[{"name":"wp","href":"https:\/\/api.w.org\/{rel}","templated":true}]}}