{"id":10055,"date":"2025-02-22T12:45:16","date_gmt":"2025-02-22T11:45:16","guid":{"rendered":"https:\/\/terraenatura.com\/?post_type=product&#038;p=10055"},"modified":"2025-02-22T12:46:53","modified_gmt":"2025-02-22T11:46:53","slug":"riso-ribe-parboiled-per-te-kg-1","status":"publish","type":"product","link":"https:\/\/terraenatura.com\/en\/product\/riso-ribe-parboiled-per-te-kg-1\/","title":{"rendered":"Riso Ribe Parboiled Per Te kg 1"},"content":{"rendered":"<p>Il riso Ribe Parboiled \u00e8 un tipo di riso che subisce un processo di parboiling (pre-cottura a vapore) che lo rende pi\u00f9 resistente e meno fragile rispetto ad altri tipi di riso. Questo processo aiuta anche a preservare i nutrienti, come vitamine e minerali, che altrimenti andrebbero persi durante la cottura. Il riso Ribe Parboiled ha chicchi lunghi, sodi e separabili una volta cotti, ed \u00e8 ideale per piatti come insalate di riso, pilaf e contorni. \u00c8 noto per la sua capacit\u00e0 di mantenere la forma durante la cottura.<\/p>","protected":false},"excerpt":{"rendered":"<p>1 Confezione 1 kg.<\/p>","protected":false},"featured_media":10056,"comment_status":"open","ping_status":"closed","template":"","meta":[],"product_brand":[],"product_cat":[98],"product_tag":[],"class_list":{"0":"post-10055","1":"product","2":"type-product","3":"status-publish","4":"has-post-thumbnail","6":"product_cat-pasta-e-riso","8":"first","9":"instock","10":"shipping-taxable","11":"purchasable","12":"product-type-simple"},"_links":{"self":[{"href":"https:\/\/terraenatura.com\/en\/wp-json\/wp\/v2\/product\/10055","targetHints":{"allow":["GET"]}}],"collection":[{"href":"https:\/\/terraenatura.com\/en\/wp-json\/wp\/v2\/product"}],"about":[{"href":"https:\/\/terraenatura.com\/en\/wp-json\/wp\/v2\/types\/product"}],"replies":[{"embeddable":true,"href":"https:\/\/terraenatura.com\/en\/wp-json\/wp\/v2\/comments?post=10055"}],"version-history":[{"count":1,"href":"https:\/\/terraenatura.com\/en\/wp-json\/wp\/v2\/product\/10055\/revisions"}],"predecessor-version":[{"id":10057,"href":"https:\/\/terraenatura.com\/en\/wp-json\/wp\/v2\/product\/10055\/revisions\/10057"}],"wp:featuredmedia":[{"embeddable":true,"href":"https:\/\/terraenatura.com\/en\/wp-json\/wp\/v2\/media\/10056"}],"wp:attachment":[{"href":"https:\/\/terraenatura.com\/en\/wp-json\/wp\/v2\/media?parent=10055"}],"wp:term":[{"taxonomy":"product_brand","embeddable":true,"href":"https:\/\/terraenatura.com\/en\/wp-json\/wp\/v2\/product_brand?post=10055"},{"taxonomy":"product_cat","embeddable":true,"href":"https:\/\/terraenatura.com\/en\/wp-json\/wp\/v2\/product_cat?post=10055"},{"taxonomy":"product_tag","embeddable":true,"href":"https:\/\/terraenatura.com\/en\/wp-json\/wp\/v2\/product_tag?post=10055"}],"curies":[{"name":"wp","href":"https:\/\/api.w.org\/{rel}","templated":true}]}}