{"id":10449,"date":"2025-02-24T18:23:24","date_gmt":"2025-02-24T17:23:24","guid":{"rendered":"https:\/\/terraenatura.com\/?post_type=product&#038;p=10449"},"modified":"2025-02-24T18:30:05","modified_gmt":"2025-02-24T17:30:05","slug":"vino-bianco-trebbiano-cavatufo-di-nostra-produzione","status":"publish","type":"product","link":"https:\/\/terraenatura.com\/en\/product\/vino-bianco-trebbiano-cavatufo-di-nostra-produzione\/","title":{"rendered":"Vino Bianco Trebbiano Cavatufo &#8220;Di Nostra Produzione&#8221;"},"content":{"rendered":"<p>Il Vino Bianco Trebbiano Cavatufo delle colline di Montalbano, prodotto nella frazione di Santarcangelo, \u00e8 un vino di alta qualit\u00e0 che si distingue per la sua freschezza e aromaticit\u00e0. Coltivato su terreni ricchi e ben esposti, questo vino presenta note delicate di frutta bianca e una leggera mineralit\u00e0, che riflettono le caratteristiche uniche del territorio. Perfetto come accompagnamento a piatti di pesce, antipasti e primi leggeri, il Trebbiano Cavatufo \u00e8 un&#8217;espressione autentica del territorio di Montalbano.<\/p>","protected":false},"excerpt":{"rendered":"<p>1 Bottiglia cl.75<\/p>\n<p>Prov. Le Nostre Vigne sono situate sulle colline romagnole immerse nel verde a Montalbano-frazione del comune di Santarcangelo di Romagna<\/p>","protected":false},"featured_media":10450,"comment_status":"open","ping_status":"closed","template":"","meta":[],"product_brand":[],"product_cat":[95],"product_tag":[],"class_list":{"0":"post-10449","1":"product","2":"type-product","3":"status-publish","4":"has-post-thumbnail","6":"product_cat-vini-vini-sfusi-e-nostrani","8":"first","9":"instock","10":"shipping-taxable","11":"purchasable","12":"product-type-simple"},"_links":{"self":[{"href":"https:\/\/terraenatura.com\/en\/wp-json\/wp\/v2\/product\/10449","targetHints":{"allow":["GET"]}}],"collection":[{"href":"https:\/\/terraenatura.com\/en\/wp-json\/wp\/v2\/product"}],"about":[{"href":"https:\/\/terraenatura.com\/en\/wp-json\/wp\/v2\/types\/product"}],"replies":[{"embeddable":true,"href":"https:\/\/terraenatura.com\/en\/wp-json\/wp\/v2\/comments?post=10449"}],"version-history":[{"count":1,"href":"https:\/\/terraenatura.com\/en\/wp-json\/wp\/v2\/product\/10449\/revisions"}],"predecessor-version":[{"id":10451,"href":"https:\/\/terraenatura.com\/en\/wp-json\/wp\/v2\/product\/10449\/revisions\/10451"}],"wp:featuredmedia":[{"embeddable":true,"href":"https:\/\/terraenatura.com\/en\/wp-json\/wp\/v2\/media\/10450"}],"wp:attachment":[{"href":"https:\/\/terraenatura.com\/en\/wp-json\/wp\/v2\/media?parent=10449"}],"wp:term":[{"taxonomy":"product_brand","embeddable":true,"href":"https:\/\/terraenatura.com\/en\/wp-json\/wp\/v2\/product_brand?post=10449"},{"taxonomy":"product_cat","embeddable":true,"href":"https:\/\/terraenatura.com\/en\/wp-json\/wp\/v2\/product_cat?post=10449"},{"taxonomy":"product_tag","embeddable":true,"href":"https:\/\/terraenatura.com\/en\/wp-json\/wp\/v2\/product_tag?post=10449"}],"curies":[{"name":"wp","href":"https:\/\/api.w.org\/{rel}","templated":true}]}}