{"id":10491,"date":"2025-02-25T08:55:28","date_gmt":"2025-02-25T07:55:28","guid":{"rendered":"https:\/\/terraenatura.com\/?post_type=product&#038;p=10491"},"modified":"2025-02-25T09:32:54","modified_gmt":"2025-02-25T08:32:54","slug":"vino-clacla-chardonnay-rubicone-igp-azienda-agricola-muratori-terre-della-medrina","status":"publish","type":"product","link":"https:\/\/terraenatura.com\/en\/product\/vino-clacla-chardonnay-rubicone-igp-azienda-agricola-muratori-terre-della-medrina\/","title":{"rendered":"Vino CLACL\u00c0 Chardonnay Rubicone IGP Azienda Agricola Muratori Terre Della Medrina"},"content":{"rendered":"<p>Il &#8220;Clacl\u00e0&#8221; Chardonnay Rubicone IGP dell&#8217;Azienda Agricola Muratori Terre della Medrina \u00e8 un vino bianco prodotto con uve Chardonnay coltivate nei soleggiati vigneti aziendali. La vinificazione avviene attraverso una soffice pressatura delle uve, seguita da fermentazione a temperatura controllata in botti d&#8217;acciaio, preservando cos\u00ec gli aromi freschi e fruttati del vino. Al naso, offre profumi di frutta fresca come mela e agrumi, accompagnati da note floreali di acacia e biancospino. Al palato, si presenta equilibrato, con una piacevole freschezza e sapidit\u00e0. \u00c8 ideale da servire a una temperatura di 8-10\u00b0C, in abbinamento a piatti di frutti di mare, pasta, formaggi stagionati, pesce magro e salumi.<\/p>","protected":false},"excerpt":{"rendered":"<p>1 Bottiglia cl.75<\/p>\n<p>Prov. Azienda Agricola Muratori Terre della Medrina Borghi<\/p>","protected":false},"featured_media":10492,"comment_status":"open","ping_status":"closed","template":"","meta":[],"product_brand":[],"product_cat":[95],"product_tag":[],"class_list":{"0":"post-10491","1":"product","2":"type-product","3":"status-publish","4":"has-post-thumbnail","6":"product_cat-vini-vini-sfusi-e-nostrani","8":"first","9":"instock","10":"shipping-taxable","11":"purchasable","12":"product-type-simple"},"_links":{"self":[{"href":"https:\/\/terraenatura.com\/en\/wp-json\/wp\/v2\/product\/10491","targetHints":{"allow":["GET"]}}],"collection":[{"href":"https:\/\/terraenatura.com\/en\/wp-json\/wp\/v2\/product"}],"about":[{"href":"https:\/\/terraenatura.com\/en\/wp-json\/wp\/v2\/types\/product"}],"replies":[{"embeddable":true,"href":"https:\/\/terraenatura.com\/en\/wp-json\/wp\/v2\/comments?post=10491"}],"version-history":[{"count":3,"href":"https:\/\/terraenatura.com\/en\/wp-json\/wp\/v2\/product\/10491\/revisions"}],"predecessor-version":[{"id":10498,"href":"https:\/\/terraenatura.com\/en\/wp-json\/wp\/v2\/product\/10491\/revisions\/10498"}],"wp:featuredmedia":[{"embeddable":true,"href":"https:\/\/terraenatura.com\/en\/wp-json\/wp\/v2\/media\/10492"}],"wp:attachment":[{"href":"https:\/\/terraenatura.com\/en\/wp-json\/wp\/v2\/media?parent=10491"}],"wp:term":[{"taxonomy":"product_brand","embeddable":true,"href":"https:\/\/terraenatura.com\/en\/wp-json\/wp\/v2\/product_brand?post=10491"},{"taxonomy":"product_cat","embeddable":true,"href":"https:\/\/terraenatura.com\/en\/wp-json\/wp\/v2\/product_cat?post=10491"},{"taxonomy":"product_tag","embeddable":true,"href":"https:\/\/terraenatura.com\/en\/wp-json\/wp\/v2\/product_tag?post=10491"}],"curies":[{"name":"wp","href":"https:\/\/api.w.org\/{rel}","templated":true}]}}