{"id":10526,"date":"2025-02-25T10:14:34","date_gmt":"2025-02-25T09:14:34","guid":{"rendered":"https:\/\/terraenatura.com\/?post_type=product&#038;p=10526"},"modified":"2025-02-25T10:25:13","modified_gmt":"2025-02-25T09:25:13","slug":"vino-ophis-rosso-piceno-d-o-c","status":"publish","type":"product","link":"https:\/\/terraenatura.com\/en\/product\/vino-ophis-rosso-piceno-d-o-c\/","title":{"rendered":"Vino Ophis Rosso Piceno D.O.C."},"content":{"rendered":"<p>Il <strong>Vino Ophis Rosso Piceno D.O.C.<\/strong> \u00e8 un vino rosso italiano prodotto nella regione delle Marche, specificamente nell&#8217;area del Piceno. \u00c8 un blend di uve Sangiovese e Montepulciano, che gli conferiscono una buona struttura e una complessit\u00e0 aromatica. Il colore \u00e8 rosso rubino intenso, mentre al palato si presenta secco, con note di frutti rossi e un lieve accenno di spezie. \u00c8 un vino equilibrato, con tannini morbidi e una buona persistenza. Perfetto da abbinare a piatti di carne e formaggi stagionati.<\/p>","protected":false},"excerpt":{"rendered":"<p>1 Bottiglia cl.75<\/p>\n<p>&nbsp;<\/p>","protected":false},"featured_media":10527,"comment_status":"open","ping_status":"closed","template":"","meta":[],"product_brand":[],"product_cat":[95],"product_tag":[],"class_list":{"0":"post-10526","1":"product","2":"type-product","3":"status-publish","4":"has-post-thumbnail","6":"product_cat-vini-vini-sfusi-e-nostrani","8":"first","9":"instock","10":"shipping-taxable","11":"purchasable","12":"product-type-simple"},"_links":{"self":[{"href":"https:\/\/terraenatura.com\/en\/wp-json\/wp\/v2\/product\/10526","targetHints":{"allow":["GET"]}}],"collection":[{"href":"https:\/\/terraenatura.com\/en\/wp-json\/wp\/v2\/product"}],"about":[{"href":"https:\/\/terraenatura.com\/en\/wp-json\/wp\/v2\/types\/product"}],"replies":[{"embeddable":true,"href":"https:\/\/terraenatura.com\/en\/wp-json\/wp\/v2\/comments?post=10526"}],"version-history":[{"count":3,"href":"https:\/\/terraenatura.com\/en\/wp-json\/wp\/v2\/product\/10526\/revisions"}],"predecessor-version":[{"id":10533,"href":"https:\/\/terraenatura.com\/en\/wp-json\/wp\/v2\/product\/10526\/revisions\/10533"}],"wp:featuredmedia":[{"embeddable":true,"href":"https:\/\/terraenatura.com\/en\/wp-json\/wp\/v2\/media\/10527"}],"wp:attachment":[{"href":"https:\/\/terraenatura.com\/en\/wp-json\/wp\/v2\/media?parent=10526"}],"wp:term":[{"taxonomy":"product_brand","embeddable":true,"href":"https:\/\/terraenatura.com\/en\/wp-json\/wp\/v2\/product_brand?post=10526"},{"taxonomy":"product_cat","embeddable":true,"href":"https:\/\/terraenatura.com\/en\/wp-json\/wp\/v2\/product_cat?post=10526"},{"taxonomy":"product_tag","embeddable":true,"href":"https:\/\/terraenatura.com\/en\/wp-json\/wp\/v2\/product_tag?post=10526"}],"curies":[{"name":"wp","href":"https:\/\/api.w.org\/{rel}","templated":true}]}}