{"id":10531,"date":"2025-02-25T10:23:25","date_gmt":"2025-02-25T09:23:25","guid":{"rendered":"https:\/\/terraenatura.com\/?post_type=product&#038;p=10531"},"modified":"2025-02-25T10:31:34","modified_gmt":"2025-02-25T09:31:34","slug":"vino-bianco-igt-marche-ottenuto-da-uve-pecorino-lt-3","status":"publish","type":"product","link":"https:\/\/terraenatura.com\/en\/product\/vino-bianco-igt-marche-ottenuto-da-uve-pecorino-lt-3\/","title":{"rendered":"Vino Bianco IGT Marche Ottenuto da uve pecorino LT 3"},"content":{"rendered":"<p>Il Vino Bianco IGT Marche ottenuto da uve Pecorino \u00e8 un vino caratterizzato da un profilo aromatico fresco e fruttato, con note di agrumi e fiori bianchi. Questo vino, prodotto principalmente nella regione delle Marche, si distingue per la sua buona acidit\u00e0 e mineralit\u00e0, che lo rende ideale come accompagnamento per piatti di pesce, antipasti e formaggi freschi. Il Pecorino \u00e8 un vitigno autoctono che conferisce al vino una struttura elegante e una buona longevit\u00e0.<\/p>","protected":false},"excerpt":{"rendered":"<p>1 Dama lt.3<\/p>","protected":false},"featured_media":10530,"comment_status":"open","ping_status":"closed","template":"","meta":[],"product_brand":[],"product_cat":[95],"product_tag":[],"class_list":{"0":"post-10531","1":"product","2":"type-product","3":"status-publish","4":"has-post-thumbnail","6":"product_cat-vini-vini-sfusi-e-nostrani","8":"first","9":"instock","10":"shipping-taxable","11":"purchasable","12":"product-type-simple"},"_links":{"self":[{"href":"https:\/\/terraenatura.com\/en\/wp-json\/wp\/v2\/product\/10531","targetHints":{"allow":["GET"]}}],"collection":[{"href":"https:\/\/terraenatura.com\/en\/wp-json\/wp\/v2\/product"}],"about":[{"href":"https:\/\/terraenatura.com\/en\/wp-json\/wp\/v2\/types\/product"}],"replies":[{"embeddable":true,"href":"https:\/\/terraenatura.com\/en\/wp-json\/wp\/v2\/comments?post=10531"}],"version-history":[{"count":1,"href":"https:\/\/terraenatura.com\/en\/wp-json\/wp\/v2\/product\/10531\/revisions"}],"predecessor-version":[{"id":10532,"href":"https:\/\/terraenatura.com\/en\/wp-json\/wp\/v2\/product\/10531\/revisions\/10532"}],"wp:featuredmedia":[{"embeddable":true,"href":"https:\/\/terraenatura.com\/en\/wp-json\/wp\/v2\/media\/10530"}],"wp:attachment":[{"href":"https:\/\/terraenatura.com\/en\/wp-json\/wp\/v2\/media?parent=10531"}],"wp:term":[{"taxonomy":"product_brand","embeddable":true,"href":"https:\/\/terraenatura.com\/en\/wp-json\/wp\/v2\/product_brand?post=10531"},{"taxonomy":"product_cat","embeddable":true,"href":"https:\/\/terraenatura.com\/en\/wp-json\/wp\/v2\/product_cat?post=10531"},{"taxonomy":"product_tag","embeddable":true,"href":"https:\/\/terraenatura.com\/en\/wp-json\/wp\/v2\/product_tag?post=10531"}],"curies":[{"name":"wp","href":"https:\/\/api.w.org\/{rel}","templated":true}]}}