{"id":10540,"date":"2025-02-25T10:35:06","date_gmt":"2025-02-25T09:35:06","guid":{"rendered":"https:\/\/terraenatura.com\/?post_type=product&#038;p=10540"},"modified":"2026-01-28T11:16:28","modified_gmt":"2026-01-28T10:16:28","slug":"vino-rosso-piceno-marche-lt-3","status":"publish","type":"product","link":"https:\/\/terraenatura.com\/en\/product\/vino-rosso-piceno-marche-lt-3\/","title":{"rendered":"Vino Rosso Piceno Marche LT 3"},"content":{"rendered":"<p>Il Vino Rosso Piceno \u00e8 un vino rosso tipico delle Marche, prodotto principalmente nelle province di Ascoli Piceno, Fermo e Macerata. \u00c8 un blend di uve Sangiovese (minimo 50%) e Montepulciano, e pu\u00f2 anche includere altre variet\u00e0 locali. Il suo profilo aromatico \u00e8 fruttato, con note di ciliegia e prugna, e un leggero sentore speziato. Ha un gusto pieno e rotondo, con tannini morbidi e una buona acidit\u00e0. \u00c8 un vino versatile, adatto a piatti di carne, pasta e formaggi. La versione &#8220;Superiore&#8221; ha una maggiore complessit\u00e0 e pu\u00f2 essere affinata in legno.<\/p>","protected":false},"excerpt":{"rendered":"<p>1 Dama lt.3<\/p>","protected":false},"featured_media":10541,"comment_status":"open","ping_status":"closed","template":"","meta":[],"product_brand":[],"product_cat":[95],"product_tag":[],"class_list":{"0":"post-10540","1":"product","2":"type-product","3":"status-publish","4":"has-post-thumbnail","6":"product_cat-vini-vini-sfusi-e-nostrani","8":"first","9":"instock","10":"shipping-taxable","11":"purchasable","12":"product-type-simple"},"_links":{"self":[{"href":"https:\/\/terraenatura.com\/en\/wp-json\/wp\/v2\/product\/10540","targetHints":{"allow":["GET"]}}],"collection":[{"href":"https:\/\/terraenatura.com\/en\/wp-json\/wp\/v2\/product"}],"about":[{"href":"https:\/\/terraenatura.com\/en\/wp-json\/wp\/v2\/types\/product"}],"replies":[{"embeddable":true,"href":"https:\/\/terraenatura.com\/en\/wp-json\/wp\/v2\/comments?post=10540"}],"version-history":[{"count":1,"href":"https:\/\/terraenatura.com\/en\/wp-json\/wp\/v2\/product\/10540\/revisions"}],"predecessor-version":[{"id":10542,"href":"https:\/\/terraenatura.com\/en\/wp-json\/wp\/v2\/product\/10540\/revisions\/10542"}],"wp:featuredmedia":[{"embeddable":true,"href":"https:\/\/terraenatura.com\/en\/wp-json\/wp\/v2\/media\/10541"}],"wp:attachment":[{"href":"https:\/\/terraenatura.com\/en\/wp-json\/wp\/v2\/media?parent=10540"}],"wp:term":[{"taxonomy":"product_brand","embeddable":true,"href":"https:\/\/terraenatura.com\/en\/wp-json\/wp\/v2\/product_brand?post=10540"},{"taxonomy":"product_cat","embeddable":true,"href":"https:\/\/terraenatura.com\/en\/wp-json\/wp\/v2\/product_cat?post=10540"},{"taxonomy":"product_tag","embeddable":true,"href":"https:\/\/terraenatura.com\/en\/wp-json\/wp\/v2\/product_tag?post=10540"}],"curies":[{"name":"wp","href":"https:\/\/api.w.org\/{rel}","templated":true}]}}