{"id":10660,"date":"2025-02-27T11:29:26","date_gmt":"2025-02-27T10:29:26","guid":{"rendered":"https:\/\/terraenatura.com\/?post_type=product&#038;p=10660"},"modified":"2025-02-27T11:32:16","modified_gmt":"2025-02-27T10:32:16","slug":"vodka-wyborowa-70cl","status":"publish","type":"product","link":"https:\/\/terraenatura.com\/en\/product\/vodka-wyborowa-70cl\/","title":{"rendered":"Vodka Wyborowa 70cl"},"content":{"rendered":"<p>La <strong>Vodka Wyborowa<\/strong> \u00e8 una vodka polacca di alta qualit\u00e0, prodotta con segale selezionata e distillata pi\u00f9 volte per ottenere un gusto morbido e raffinato. Ha un sapore leggermente dolce con note di cereali e una consistenza vellutata. Fondata nel 1927, \u00e8 una delle vodka pi\u00f9 iconiche della Polonia, apprezzata per la sua purezza e tradizione.<\/p>","protected":false},"excerpt":{"rendered":"<p>Contenuto: 1 Bottiglia 700 ml.<\/p>\n<p>&nbsp;<\/p>","protected":false},"featured_media":10661,"comment_status":"open","ping_status":"closed","template":"","meta":[],"product_brand":[],"product_cat":[159],"product_tag":[],"class_list":{"0":"post-10660","1":"product","2":"type-product","3":"status-publish","4":"has-post-thumbnail","6":"product_cat-birre-e-liquori","8":"first","9":"instock","10":"shipping-taxable","11":"purchasable","12":"product-type-simple"},"_links":{"self":[{"href":"https:\/\/terraenatura.com\/en\/wp-json\/wp\/v2\/product\/10660","targetHints":{"allow":["GET"]}}],"collection":[{"href":"https:\/\/terraenatura.com\/en\/wp-json\/wp\/v2\/product"}],"about":[{"href":"https:\/\/terraenatura.com\/en\/wp-json\/wp\/v2\/types\/product"}],"replies":[{"embeddable":true,"href":"https:\/\/terraenatura.com\/en\/wp-json\/wp\/v2\/comments?post=10660"}],"version-history":[{"count":1,"href":"https:\/\/terraenatura.com\/en\/wp-json\/wp\/v2\/product\/10660\/revisions"}],"predecessor-version":[{"id":10662,"href":"https:\/\/terraenatura.com\/en\/wp-json\/wp\/v2\/product\/10660\/revisions\/10662"}],"wp:featuredmedia":[{"embeddable":true,"href":"https:\/\/terraenatura.com\/en\/wp-json\/wp\/v2\/media\/10661"}],"wp:attachment":[{"href":"https:\/\/terraenatura.com\/en\/wp-json\/wp\/v2\/media?parent=10660"}],"wp:term":[{"taxonomy":"product_brand","embeddable":true,"href":"https:\/\/terraenatura.com\/en\/wp-json\/wp\/v2\/product_brand?post=10660"},{"taxonomy":"product_cat","embeddable":true,"href":"https:\/\/terraenatura.com\/en\/wp-json\/wp\/v2\/product_cat?post=10660"},{"taxonomy":"product_tag","embeddable":true,"href":"https:\/\/terraenatura.com\/en\/wp-json\/wp\/v2\/product_tag?post=10660"}],"curies":[{"name":"wp","href":"https:\/\/api.w.org\/{rel}","templated":true}]}}