{"id":10682,"date":"2025-02-27T12:06:28","date_gmt":"2025-02-27T11:06:28","guid":{"rendered":"https:\/\/terraenatura.com\/?post_type=product&#038;p=10682"},"modified":"2025-02-27T12:07:36","modified_gmt":"2025-02-27T11:07:36","slug":"gordons-gin-cl-70","status":"publish","type":"product","link":"https:\/\/terraenatura.com\/en\/product\/gordons-gin-cl-70\/","title":{"rendered":"Gordons gin cl.70"},"content":{"rendered":"<p>Il Gordon&#8217;s Gin \u00e8 uno dei gin pi\u00f9 iconici al mondo, creato nel 1769 da Alexander Gordon a Londra. \u00c8 un London Dry Gin caratterizzato da un gusto secco e fresco, con predominanza di ginepro, agrumi e botaniche segrete. Apprezzato per la sua qualit\u00e0 costante, \u00e8 ideale per cocktail classici come il Gin &amp; Tonic e il Martini.<\/p>","protected":false},"excerpt":{"rendered":"<p>Contenuto: 1 Bottiglia 700 ml.<\/p>\n<p>&nbsp;<\/p>","protected":false},"featured_media":10683,"comment_status":"open","ping_status":"closed","template":"","meta":[],"product_brand":[],"product_cat":[159],"product_tag":[],"class_list":{"0":"post-10682","1":"product","2":"type-product","3":"status-publish","4":"has-post-thumbnail","6":"product_cat-birre-e-liquori","8":"first","9":"instock","10":"shipping-taxable","11":"purchasable","12":"product-type-simple"},"_links":{"self":[{"href":"https:\/\/terraenatura.com\/en\/wp-json\/wp\/v2\/product\/10682","targetHints":{"allow":["GET"]}}],"collection":[{"href":"https:\/\/terraenatura.com\/en\/wp-json\/wp\/v2\/product"}],"about":[{"href":"https:\/\/terraenatura.com\/en\/wp-json\/wp\/v2\/types\/product"}],"replies":[{"embeddable":true,"href":"https:\/\/terraenatura.com\/en\/wp-json\/wp\/v2\/comments?post=10682"}],"version-history":[{"count":1,"href":"https:\/\/terraenatura.com\/en\/wp-json\/wp\/v2\/product\/10682\/revisions"}],"predecessor-version":[{"id":10684,"href":"https:\/\/terraenatura.com\/en\/wp-json\/wp\/v2\/product\/10682\/revisions\/10684"}],"wp:featuredmedia":[{"embeddable":true,"href":"https:\/\/terraenatura.com\/en\/wp-json\/wp\/v2\/media\/10683"}],"wp:attachment":[{"href":"https:\/\/terraenatura.com\/en\/wp-json\/wp\/v2\/media?parent=10682"}],"wp:term":[{"taxonomy":"product_brand","embeddable":true,"href":"https:\/\/terraenatura.com\/en\/wp-json\/wp\/v2\/product_brand?post=10682"},{"taxonomy":"product_cat","embeddable":true,"href":"https:\/\/terraenatura.com\/en\/wp-json\/wp\/v2\/product_cat?post=10682"},{"taxonomy":"product_tag","embeddable":true,"href":"https:\/\/terraenatura.com\/en\/wp-json\/wp\/v2\/product_tag?post=10682"}],"curies":[{"name":"wp","href":"https:\/\/api.w.org\/{rel}","templated":true}]}}