{"id":10697,"date":"2025-02-27T12:33:35","date_gmt":"2025-02-27T11:33:35","guid":{"rendered":"https:\/\/terraenatura.com\/?post_type=product&#038;p=10697"},"modified":"2025-02-27T12:36:56","modified_gmt":"2025-02-27T11:36:56","slug":"liquirizia-cl-50","status":"publish","type":"product","link":"https:\/\/terraenatura.com\/en\/product\/liquirizia-cl-50\/","title":{"rendered":"Liquirizia cl.50"},"content":{"rendered":"<p>La <strong>liquirizia<\/strong>\u00a0\u00e8 una bevanda alcolica dolce e aromaticamente intensa, ottenuta dall&#8217;infusione di radice di liquirizia in alcol, spesso arricchita con altre erbe e spezie. Ha un sapore distintivo, che bilancia l&#8217;amarezza tipica della liquirizia con note dolci e un retrogusto speziato. Questo liquore \u00e8 apprezzato per le sue propriet\u00e0 digestive e viene consumato come digestivo dopo i pasti, ma pu\u00f2 anche essere utilizzato in cocktail. La sua tradizione risale a diverse regioni italiane, in particolare in Calabria e in altre zone del sud Italia.<\/p>","protected":false},"excerpt":{"rendered":"<p>Contenuto: 1 Bottiglia 500 ml.<\/p>\n<p>&nbsp;<\/p>","protected":false},"featured_media":10698,"comment_status":"open","ping_status":"closed","template":"","meta":[],"product_brand":[],"product_cat":[159],"product_tag":[],"class_list":{"0":"post-10697","1":"product","2":"type-product","3":"status-publish","4":"has-post-thumbnail","6":"product_cat-birre-e-liquori","8":"first","9":"instock","10":"shipping-taxable","11":"purchasable","12":"product-type-simple"},"_links":{"self":[{"href":"https:\/\/terraenatura.com\/en\/wp-json\/wp\/v2\/product\/10697","targetHints":{"allow":["GET"]}}],"collection":[{"href":"https:\/\/terraenatura.com\/en\/wp-json\/wp\/v2\/product"}],"about":[{"href":"https:\/\/terraenatura.com\/en\/wp-json\/wp\/v2\/types\/product"}],"replies":[{"embeddable":true,"href":"https:\/\/terraenatura.com\/en\/wp-json\/wp\/v2\/comments?post=10697"}],"version-history":[{"count":1,"href":"https:\/\/terraenatura.com\/en\/wp-json\/wp\/v2\/product\/10697\/revisions"}],"predecessor-version":[{"id":10699,"href":"https:\/\/terraenatura.com\/en\/wp-json\/wp\/v2\/product\/10697\/revisions\/10699"}],"wp:featuredmedia":[{"embeddable":true,"href":"https:\/\/terraenatura.com\/en\/wp-json\/wp\/v2\/media\/10698"}],"wp:attachment":[{"href":"https:\/\/terraenatura.com\/en\/wp-json\/wp\/v2\/media?parent=10697"}],"wp:term":[{"taxonomy":"product_brand","embeddable":true,"href":"https:\/\/terraenatura.com\/en\/wp-json\/wp\/v2\/product_brand?post=10697"},{"taxonomy":"product_cat","embeddable":true,"href":"https:\/\/terraenatura.com\/en\/wp-json\/wp\/v2\/product_cat?post=10697"},{"taxonomy":"product_tag","embeddable":true,"href":"https:\/\/terraenatura.com\/en\/wp-json\/wp\/v2\/product_tag?post=10697"}],"curies":[{"name":"wp","href":"https:\/\/api.w.org\/{rel}","templated":true}]}}