{"id":10713,"date":"2025-02-27T16:05:05","date_gmt":"2025-02-27T15:05:05","guid":{"rendered":"https:\/\/terraenatura.com\/?post_type=product&#038;p=10713"},"modified":"2026-03-14T10:22:08","modified_gmt":"2026-03-14T09:22:08","slug":"coca-cola-lt-1","status":"publish","type":"product","link":"https:\/\/terraenatura.com\/en\/product\/coca-cola-lt-1\/","title":{"rendered":"Coca-Cola lt.1"},"content":{"rendered":"<p>La <strong>Coca-Cola<\/strong> \u00e8 una bevanda analcolica gassata originaria degli Stati Uniti, creata nel 1886 dal farmacista <strong>John Stith Pemberton<\/strong> ad Atlanta. Inizialmente venduta come tonico medicinale, divenne rapidamente una delle bibite pi\u00f9 popolari al mondo. Il suo gusto unico \u00e8 dato da una miscela segreta di ingredienti, tra cui caffeina, zucchero (o dolcificanti nelle versioni light), estratti vegetali e aromi naturali. Il marchio Coca-Cola \u00e8 oggi uno dei pi\u00f9 riconoscibili a livello globale, sinonimo di freschezza e convivialit\u00e0.<\/p>","protected":false},"excerpt":{"rendered":"<p>Contenuto: 1 lt totali<\/p>\n<p>&nbsp;<\/p>","protected":false},"featured_media":10714,"comment_status":"open","ping_status":"closed","template":"","meta":[],"product_brand":[],"product_cat":[97],"product_tag":[],"class_list":{"0":"post-10713","1":"product","2":"type-product","3":"status-publish","4":"has-post-thumbnail","6":"product_cat-bibite-e-acqua","8":"first","9":"instock","10":"shipping-taxable","11":"purchasable","12":"product-type-simple"},"_links":{"self":[{"href":"https:\/\/terraenatura.com\/en\/wp-json\/wp\/v2\/product\/10713","targetHints":{"allow":["GET"]}}],"collection":[{"href":"https:\/\/terraenatura.com\/en\/wp-json\/wp\/v2\/product"}],"about":[{"href":"https:\/\/terraenatura.com\/en\/wp-json\/wp\/v2\/types\/product"}],"replies":[{"embeddable":true,"href":"https:\/\/terraenatura.com\/en\/wp-json\/wp\/v2\/comments?post=10713"}],"version-history":[{"count":4,"href":"https:\/\/terraenatura.com\/en\/wp-json\/wp\/v2\/product\/10713\/revisions"}],"predecessor-version":[{"id":13290,"href":"https:\/\/terraenatura.com\/en\/wp-json\/wp\/v2\/product\/10713\/revisions\/13290"}],"wp:featuredmedia":[{"embeddable":true,"href":"https:\/\/terraenatura.com\/en\/wp-json\/wp\/v2\/media\/10714"}],"wp:attachment":[{"href":"https:\/\/terraenatura.com\/en\/wp-json\/wp\/v2\/media?parent=10713"}],"wp:term":[{"taxonomy":"product_brand","embeddable":true,"href":"https:\/\/terraenatura.com\/en\/wp-json\/wp\/v2\/product_brand?post=10713"},{"taxonomy":"product_cat","embeddable":true,"href":"https:\/\/terraenatura.com\/en\/wp-json\/wp\/v2\/product_cat?post=10713"},{"taxonomy":"product_tag","embeddable":true,"href":"https:\/\/terraenatura.com\/en\/wp-json\/wp\/v2\/product_tag?post=10713"}],"curies":[{"name":"wp","href":"https:\/\/api.w.org\/{rel}","templated":true}]}}