{"id":10757,"date":"2025-02-27T16:44:11","date_gmt":"2025-02-27T15:44:11","guid":{"rendered":"https:\/\/terraenatura.com\/?post_type=product&#038;p=10757"},"modified":"2025-02-27T17:05:46","modified_gmt":"2025-02-27T16:05:46","slug":"zenzero-disidratato-zuccherato-gr-100","status":"publish","type":"product","link":"https:\/\/terraenatura.com\/en\/product\/zenzero-disidratato-zuccherato-gr-100\/","title":{"rendered":"Zenzero Disidratato Zuccherato"},"content":{"rendered":"<article class=\"w-full text-token-text-primary focus-visible:outline-2 focus-visible:outline-offset-[-4px]\" dir=\"auto\" data-testid=\"conversation-turn-2\" data-scroll-anchor=\"false\">\n<div class=\"m-auto text-base py-[18px] px-6\">\n<div class=\"mx-auto flex flex-1 gap-4 text-base md:gap-5 lg:gap-6 md:max-w-3xl lg:max-w-[40rem] xl:max-w-[48rem]\">\n<div class=\"group\/conversation-turn relative flex w-full min-w-0 flex-col @xs\/thread:px-0 @sm\/thread:px-1.5 @md\/thread:px-4\">\n<div class=\"flex-col gap-1 md:gap-3\">\n<div class=\"flex max-w-full flex-col flex-grow\">\n<div class=\"min-h-8 text-message flex w-full flex-col items-end gap-2 whitespace-normal break-words text-start [.text-message+&amp;]:mt-5\" dir=\"auto\" data-message-author-role=\"user\" data-message-id=\"d0c5bacc-b037-4ea6-a47b-3de672674123\">\n<div class=\"flex w-full flex-col gap-1 empty:hidden items-end rtl:items-start\">\n<div class=\"relative max-w-[var(--user-chat-width,70%)] rounded-3xl bg-token-message-surface px-5 py-2.5\">\n<div class=\"whitespace-pre-wrap\">\n<p>Lo <strong>zenzero disidratato zuccherato<\/strong> \u00e8 una variante dello zenzero che, dopo essere stato essiccato, viene ricoperto con uno strato di zucchero. Questo processo conferisce al prodotto una consistenza masticabile e un sapore dolce e speziato, bilanciando il tipico gusto piccante dello zenzero fresco. \u00c8 spesso utilizzato come snack, in preparazioni da forno o come ingrediente per dolci e t\u00e8. La disidratazione ne preserva la lunga conservabilit\u00e0, mentre lo zucchero aggiunge un tocco di dolcezza che lo rende gradevole anche per chi non ama il sapore troppo forte dello zenzero fresco.<\/p>\n<\/div>\n<\/div>\n<\/div>\n<\/div>\n<\/div>\n<\/div>\n<\/div>\n<\/div>\n<\/div>\n<\/article>\n","protected":false},"excerpt":{"rendered":"<p>1 Sacchetto gr.100<\/p>","protected":false},"featured_media":10758,"comment_status":"open","ping_status":"closed","template":"","meta":[],"product_brand":[],"product_cat":[155],"product_tag":[],"class_list":{"0":"post-10757","1":"product","2":"type-product","3":"status-publish","4":"has-post-thumbnail","6":"product_cat-frutta-secca","8":"first","9":"instock","10":"shipping-taxable","11":"purchasable","12":"product-type-simple"},"_links":{"self":[{"href":"https:\/\/terraenatura.com\/en\/wp-json\/wp\/v2\/product\/10757","targetHints":{"allow":["GET"]}}],"collection":[{"href":"https:\/\/terraenatura.com\/en\/wp-json\/wp\/v2\/product"}],"about":[{"href":"https:\/\/terraenatura.com\/en\/wp-json\/wp\/v2\/types\/product"}],"replies":[{"embeddable":true,"href":"https:\/\/terraenatura.com\/en\/wp-json\/wp\/v2\/comments?post=10757"}],"version-history":[{"count":2,"href":"https:\/\/terraenatura.com\/en\/wp-json\/wp\/v2\/product\/10757\/revisions"}],"predecessor-version":[{"id":10760,"href":"https:\/\/terraenatura.com\/en\/wp-json\/wp\/v2\/product\/10757\/revisions\/10760"}],"wp:featuredmedia":[{"embeddable":true,"href":"https:\/\/terraenatura.com\/en\/wp-json\/wp\/v2\/media\/10758"}],"wp:attachment":[{"href":"https:\/\/terraenatura.com\/en\/wp-json\/wp\/v2\/media?parent=10757"}],"wp:term":[{"taxonomy":"product_brand","embeddable":true,"href":"https:\/\/terraenatura.com\/en\/wp-json\/wp\/v2\/product_brand?post=10757"},{"taxonomy":"product_cat","embeddable":true,"href":"https:\/\/terraenatura.com\/en\/wp-json\/wp\/v2\/product_cat?post=10757"},{"taxonomy":"product_tag","embeddable":true,"href":"https:\/\/terraenatura.com\/en\/wp-json\/wp\/v2\/product_tag?post=10757"}],"curies":[{"name":"wp","href":"https:\/\/api.w.org\/{rel}","templated":true}]}}