{"id":10833,"date":"2025-02-28T11:39:53","date_gmt":"2025-02-28T10:39:53","guid":{"rendered":"https:\/\/terraenatura.com\/?post_type=product&#038;p=10833"},"modified":"2026-01-28T11:01:37","modified_gmt":"2026-01-28T10:01:37","slug":"doria-biscotti-atene-gr-500","status":"publish","type":"product","link":"https:\/\/terraenatura.com\/en\/product\/doria-biscotti-atene-gr-500\/","title":{"rendered":"Doria biscotti atene &#8211; gr.500"},"content":{"rendered":"<p>Frollini Atene di Doria sono biscotti dalla forma allungata, caratterizzati da decorazioni ispirate all&#8217;arte e alla bellezza dell&#8217;antica Grecia. Preparati con ingredienti semplici e di qualit\u00e0, come farina di frumento, zucchero e oli vegetali, sono privi di OGM, coloranti e grassi idrogenati. La loro versatilit\u00e0 li rende ideali per la colazione, l&#8217;ora del t\u00e8 o come dolce spuntino in qualsiasi momento della giornata.<\/p>","protected":false},"excerpt":{"rendered":"<p>Contenuto:\u00a0500 gr totali<\/p>","protected":false},"featured_media":10834,"comment_status":"open","ping_status":"closed","template":"","meta":[],"product_brand":[],"product_cat":[99],"product_tag":[],"class_list":{"0":"post-10833","1":"product","2":"type-product","3":"status-publish","4":"has-post-thumbnail","6":"product_cat-biscotti-e-merendine","8":"first","9":"instock","10":"shipping-taxable","11":"purchasable","12":"product-type-simple"},"_links":{"self":[{"href":"https:\/\/terraenatura.com\/en\/wp-json\/wp\/v2\/product\/10833","targetHints":{"allow":["GET"]}}],"collection":[{"href":"https:\/\/terraenatura.com\/en\/wp-json\/wp\/v2\/product"}],"about":[{"href":"https:\/\/terraenatura.com\/en\/wp-json\/wp\/v2\/types\/product"}],"replies":[{"embeddable":true,"href":"https:\/\/terraenatura.com\/en\/wp-json\/wp\/v2\/comments?post=10833"}],"version-history":[{"count":3,"href":"https:\/\/terraenatura.com\/en\/wp-json\/wp\/v2\/product\/10833\/revisions"}],"predecessor-version":[{"id":10850,"href":"https:\/\/terraenatura.com\/en\/wp-json\/wp\/v2\/product\/10833\/revisions\/10850"}],"wp:featuredmedia":[{"embeddable":true,"href":"https:\/\/terraenatura.com\/en\/wp-json\/wp\/v2\/media\/10834"}],"wp:attachment":[{"href":"https:\/\/terraenatura.com\/en\/wp-json\/wp\/v2\/media?parent=10833"}],"wp:term":[{"taxonomy":"product_brand","embeddable":true,"href":"https:\/\/terraenatura.com\/en\/wp-json\/wp\/v2\/product_brand?post=10833"},{"taxonomy":"product_cat","embeddable":true,"href":"https:\/\/terraenatura.com\/en\/wp-json\/wp\/v2\/product_cat?post=10833"},{"taxonomy":"product_tag","embeddable":true,"href":"https:\/\/terraenatura.com\/en\/wp-json\/wp\/v2\/product_tag?post=10833"}],"curies":[{"name":"wp","href":"https:\/\/api.w.org\/{rel}","templated":true}]}}