{"id":10847,"date":"2025-02-28T11:56:24","date_gmt":"2025-02-28T10:56:24","guid":{"rendered":"https:\/\/terraenatura.com\/?post_type=product&#038;p=10847"},"modified":"2026-01-28T11:00:44","modified_gmt":"2026-01-28T10:00:44","slug":"mulino-bianco-cuor-di-mela-gr-300","status":"publish","type":"product","link":"https:\/\/terraenatura.com\/en\/product\/mulino-bianco-cuor-di-mela-gr-300\/","title":{"rendered":"Mulino Bianco Cuor Di Mela &#8211; gr.300"},"content":{"rendered":"<p>Mulino Bianco Cuor di Mela \u00e8 un dolce morbido e goloso, realizzato con una morbida pasta frolla che racchiude un cuore di confettura di mela. \u00c8 perfetto per una pausa dolce, con un equilibrio tra il gusto delicato della mela e la friabilit\u00e0 della frolla. Un classico della tradizione italiana, ideale per una merenda o un piccolo piacere quotidiano.<\/p>","protected":false},"excerpt":{"rendered":"<p>Contenuto:\u00a0300 gr totali<\/p>","protected":false},"featured_media":10848,"comment_status":"open","ping_status":"closed","template":"","meta":[],"product_brand":[],"product_cat":[99],"product_tag":[],"class_list":{"0":"post-10847","1":"product","2":"type-product","3":"status-publish","4":"has-post-thumbnail","6":"product_cat-biscotti-e-merendine","8":"first","9":"instock","10":"shipping-taxable","11":"purchasable","12":"product-type-simple"},"_links":{"self":[{"href":"https:\/\/terraenatura.com\/en\/wp-json\/wp\/v2\/product\/10847","targetHints":{"allow":["GET"]}}],"collection":[{"href":"https:\/\/terraenatura.com\/en\/wp-json\/wp\/v2\/product"}],"about":[{"href":"https:\/\/terraenatura.com\/en\/wp-json\/wp\/v2\/types\/product"}],"replies":[{"embeddable":true,"href":"https:\/\/terraenatura.com\/en\/wp-json\/wp\/v2\/comments?post=10847"}],"version-history":[{"count":1,"href":"https:\/\/terraenatura.com\/en\/wp-json\/wp\/v2\/product\/10847\/revisions"}],"predecessor-version":[{"id":10849,"href":"https:\/\/terraenatura.com\/en\/wp-json\/wp\/v2\/product\/10847\/revisions\/10849"}],"wp:featuredmedia":[{"embeddable":true,"href":"https:\/\/terraenatura.com\/en\/wp-json\/wp\/v2\/media\/10848"}],"wp:attachment":[{"href":"https:\/\/terraenatura.com\/en\/wp-json\/wp\/v2\/media?parent=10847"}],"wp:term":[{"taxonomy":"product_brand","embeddable":true,"href":"https:\/\/terraenatura.com\/en\/wp-json\/wp\/v2\/product_brand?post=10847"},{"taxonomy":"product_cat","embeddable":true,"href":"https:\/\/terraenatura.com\/en\/wp-json\/wp\/v2\/product_cat?post=10847"},{"taxonomy":"product_tag","embeddable":true,"href":"https:\/\/terraenatura.com\/en\/wp-json\/wp\/v2\/product_tag?post=10847"}],"curies":[{"name":"wp","href":"https:\/\/api.w.org\/{rel}","templated":true}]}}