{"id":10874,"date":"2025-02-28T12:28:47","date_gmt":"2025-02-28T11:28:47","guid":{"rendered":"https:\/\/terraenatura.com\/?post_type=product&#038;p=10874"},"modified":"2025-02-28T12:29:57","modified_gmt":"2025-02-28T11:29:57","slug":"millefoglie-vicenzi-175-gr","status":"publish","type":"product","link":"https:\/\/terraenatura.com\/en\/product\/millefoglie-vicenzi-175-gr\/","title":{"rendered":"Millefoglie Vicenzi 175 gr."},"content":{"rendered":"<p>La Millefoglie Vicenzi \u00e8 un dolce tradizionale italiano composto da strati sottili di pasta sfoglia, farciti con una delicata crema pasticcera. Con la sua consistenza leggera e croccante, \u00e8 un dessert che rappresenta un&#8217;elegante combinazione di dolcezza e friabilit\u00e0, tipico della pasticceria italiana di alta qualit\u00e0. Il marchio Vicenzi \u00e8 noto per la sua attenzione alla qualit\u00e0 degli ingredienti, rendendo ogni morso una piacevole esperienza.<\/p>","protected":false},"excerpt":{"rendered":"<p>Contenuto:\u00a0175 gr totali<\/p>","protected":false},"featured_media":10875,"comment_status":"open","ping_status":"closed","template":"","meta":[],"product_brand":[],"product_cat":[99],"product_tag":[],"class_list":{"0":"post-10874","1":"product","2":"type-product","3":"status-publish","4":"has-post-thumbnail","6":"product_cat-biscotti-e-merendine","8":"first","9":"instock","10":"shipping-taxable","11":"purchasable","12":"product-type-simple"},"_links":{"self":[{"href":"https:\/\/terraenatura.com\/en\/wp-json\/wp\/v2\/product\/10874","targetHints":{"allow":["GET"]}}],"collection":[{"href":"https:\/\/terraenatura.com\/en\/wp-json\/wp\/v2\/product"}],"about":[{"href":"https:\/\/terraenatura.com\/en\/wp-json\/wp\/v2\/types\/product"}],"replies":[{"embeddable":true,"href":"https:\/\/terraenatura.com\/en\/wp-json\/wp\/v2\/comments?post=10874"}],"version-history":[{"count":1,"href":"https:\/\/terraenatura.com\/en\/wp-json\/wp\/v2\/product\/10874\/revisions"}],"predecessor-version":[{"id":10876,"href":"https:\/\/terraenatura.com\/en\/wp-json\/wp\/v2\/product\/10874\/revisions\/10876"}],"wp:featuredmedia":[{"embeddable":true,"href":"https:\/\/terraenatura.com\/en\/wp-json\/wp\/v2\/media\/10875"}],"wp:attachment":[{"href":"https:\/\/terraenatura.com\/en\/wp-json\/wp\/v2\/media?parent=10874"}],"wp:term":[{"taxonomy":"product_brand","embeddable":true,"href":"https:\/\/terraenatura.com\/en\/wp-json\/wp\/v2\/product_brand?post=10874"},{"taxonomy":"product_cat","embeddable":true,"href":"https:\/\/terraenatura.com\/en\/wp-json\/wp\/v2\/product_cat?post=10874"},{"taxonomy":"product_tag","embeddable":true,"href":"https:\/\/terraenatura.com\/en\/wp-json\/wp\/v2\/product_tag?post=10874"}],"curies":[{"name":"wp","href":"https:\/\/api.w.org\/{rel}","templated":true}]}}