{"id":10973,"date":"2025-02-28T17:24:39","date_gmt":"2025-02-28T16:24:39","guid":{"rendered":"https:\/\/terraenatura.com\/?post_type=product&#038;p=10973"},"modified":"2025-02-28T17:28:28","modified_gmt":"2025-02-28T16:28:28","slug":"red-bull-energy-drink-250-ml","status":"publish","type":"product","link":"https:\/\/terraenatura.com\/en\/product\/red-bull-energy-drink-250-ml\/","title":{"rendered":"Red Bull Energy Drink, 250 ml."},"content":{"rendered":"<p>Red Bull Energy Drink \u00e8 una bevanda energetica che combina caffeina, taurina, vitamine del gruppo B e zuccheri. \u00c8 progettata per aumentare l&#8217;energia, la concentrazione e la resistenza, ed \u00e8 spesso consumata per contrastare la stanchezza o migliorare la performance mentale e fisica. Il suo gusto caratteristico \u00e8 dolce e fruttato.<\/p>","protected":false},"excerpt":{"rendered":"<p>Contenuto:\u00a0250 ml totali<\/p>\n<p>&nbsp;<\/p>","protected":false},"featured_media":10974,"comment_status":"open","ping_status":"closed","template":"","meta":[],"product_brand":[],"product_cat":[97],"product_tag":[],"class_list":{"0":"post-10973","1":"product","2":"type-product","3":"status-publish","4":"has-post-thumbnail","6":"product_cat-bibite-e-acqua","8":"first","9":"instock","10":"shipping-taxable","11":"purchasable","12":"product-type-simple"},"_links":{"self":[{"href":"https:\/\/terraenatura.com\/en\/wp-json\/wp\/v2\/product\/10973","targetHints":{"allow":["GET"]}}],"collection":[{"href":"https:\/\/terraenatura.com\/en\/wp-json\/wp\/v2\/product"}],"about":[{"href":"https:\/\/terraenatura.com\/en\/wp-json\/wp\/v2\/types\/product"}],"replies":[{"embeddable":true,"href":"https:\/\/terraenatura.com\/en\/wp-json\/wp\/v2\/comments?post=10973"}],"version-history":[{"count":1,"href":"https:\/\/terraenatura.com\/en\/wp-json\/wp\/v2\/product\/10973\/revisions"}],"predecessor-version":[{"id":10975,"href":"https:\/\/terraenatura.com\/en\/wp-json\/wp\/v2\/product\/10973\/revisions\/10975"}],"wp:featuredmedia":[{"embeddable":true,"href":"https:\/\/terraenatura.com\/en\/wp-json\/wp\/v2\/media\/10974"}],"wp:attachment":[{"href":"https:\/\/terraenatura.com\/en\/wp-json\/wp\/v2\/media?parent=10973"}],"wp:term":[{"taxonomy":"product_brand","embeddable":true,"href":"https:\/\/terraenatura.com\/en\/wp-json\/wp\/v2\/product_brand?post=10973"},{"taxonomy":"product_cat","embeddable":true,"href":"https:\/\/terraenatura.com\/en\/wp-json\/wp\/v2\/product_cat?post=10973"},{"taxonomy":"product_tag","embeddable":true,"href":"https:\/\/terraenatura.com\/en\/wp-json\/wp\/v2\/product_tag?post=10973"}],"curies":[{"name":"wp","href":"https:\/\/api.w.org\/{rel}","templated":true}]}}