{"id":11020,"date":"2025-02-28T18:46:00","date_gmt":"2025-02-28T17:46:00","guid":{"rendered":"https:\/\/terraenatura.com\/?post_type=product&#038;p=11020"},"modified":"2026-01-28T10:55:00","modified_gmt":"2026-01-28T09:55:00","slug":"estathe-limone-lt-15","status":"publish","type":"product","link":"https:\/\/terraenatura.com\/en\/product\/estathe-limone-lt-15\/","title":{"rendered":"Estathe limone &#8211; lt. 1,5"},"content":{"rendered":"<p>Estath\u00e9 Limone \u00e8 una bevanda dolce e rinfrescante a base di t\u00e8 freddo con un gusto predominante di limone. \u00c8 caratterizzata da un sapore fresco e leggermente zuccherato, ideale per dissetarsi durante le giornate calde. Perfetta come alternativa alla soda, \u00e8 molto popolare in Italia.<\/p>","protected":false},"excerpt":{"rendered":"<p>Contenuto:\u00a01.5 lt totali<\/p>\n<p>&nbsp;<\/p>","protected":false},"featured_media":11022,"comment_status":"open","ping_status":"closed","template":"","meta":[],"product_brand":[],"product_cat":[97],"product_tag":[],"class_list":{"0":"post-11020","1":"product","2":"type-product","3":"status-publish","4":"has-post-thumbnail","6":"product_cat-bibite-e-acqua","8":"first","9":"instock","10":"shipping-taxable","11":"purchasable","12":"product-type-simple"},"_links":{"self":[{"href":"https:\/\/terraenatura.com\/en\/wp-json\/wp\/v2\/product\/11020","targetHints":{"allow":["GET"]}}],"collection":[{"href":"https:\/\/terraenatura.com\/en\/wp-json\/wp\/v2\/product"}],"about":[{"href":"https:\/\/terraenatura.com\/en\/wp-json\/wp\/v2\/types\/product"}],"replies":[{"embeddable":true,"href":"https:\/\/terraenatura.com\/en\/wp-json\/wp\/v2\/comments?post=11020"}],"version-history":[{"count":1,"href":"https:\/\/terraenatura.com\/en\/wp-json\/wp\/v2\/product\/11020\/revisions"}],"predecessor-version":[{"id":11021,"href":"https:\/\/terraenatura.com\/en\/wp-json\/wp\/v2\/product\/11020\/revisions\/11021"}],"wp:featuredmedia":[{"embeddable":true,"href":"https:\/\/terraenatura.com\/en\/wp-json\/wp\/v2\/media\/11022"}],"wp:attachment":[{"href":"https:\/\/terraenatura.com\/en\/wp-json\/wp\/v2\/media?parent=11020"}],"wp:term":[{"taxonomy":"product_brand","embeddable":true,"href":"https:\/\/terraenatura.com\/en\/wp-json\/wp\/v2\/product_brand?post=11020"},{"taxonomy":"product_cat","embeddable":true,"href":"https:\/\/terraenatura.com\/en\/wp-json\/wp\/v2\/product_cat?post=11020"},{"taxonomy":"product_tag","embeddable":true,"href":"https:\/\/terraenatura.com\/en\/wp-json\/wp\/v2\/product_tag?post=11020"}],"curies":[{"name":"wp","href":"https:\/\/api.w.org\/{rel}","templated":true}]}}