{"id":11087,"date":"2025-03-01T10:05:45","date_gmt":"2025-03-01T09:05:45","guid":{"rendered":"https:\/\/terraenatura.com\/?post_type=product&#038;p=11087"},"modified":"2026-05-09T17:53:20","modified_gmt":"2026-05-09T15:53:20","slug":"granarolo-latte-intero-uht-ml-500","status":"publish","type":"product","link":"https:\/\/terraenatura.com\/en\/product\/granarolo-latte-intero-uht-ml-500\/","title":{"rendered":"Granarolo latte intero uht ml.500"},"content":{"rendered":"<p>Granarolo Latte Intero \u00e8 un latte fresco e intero di alta qualit\u00e0, prodotto da Granarolo, una delle principali aziende italiane nel settore lattiero-caseario. Il latte \u00e8 ricco di gusto e nutrienti, senza additivi o conservanti, offrendo un sapore genuino e naturale. Disponibile in confezioni pratiche, \u00e8 ideale per ogni tipo di utilizzo, dalla colazione alla preparazione di piatti dolci e salati.<\/p>","protected":false},"excerpt":{"rendered":"<p>Contenuto: 500 ml totali<\/p>\n<p>&nbsp;<\/p>","protected":false},"featured_media":11088,"comment_status":"open","ping_status":"closed","template":"","meta":[],"product_brand":[],"product_cat":[101],"product_tag":[],"class_list":{"0":"post-11087","1":"product","2":"type-product","3":"status-publish","4":"has-post-thumbnail","6":"product_cat-zucchero-caffe-latte","8":"first","9":"instock","10":"shipping-taxable","11":"purchasable","12":"product-type-simple"},"_links":{"self":[{"href":"https:\/\/terraenatura.com\/en\/wp-json\/wp\/v2\/product\/11087","targetHints":{"allow":["GET"]}}],"collection":[{"href":"https:\/\/terraenatura.com\/en\/wp-json\/wp\/v2\/product"}],"about":[{"href":"https:\/\/terraenatura.com\/en\/wp-json\/wp\/v2\/types\/product"}],"replies":[{"embeddable":true,"href":"https:\/\/terraenatura.com\/en\/wp-json\/wp\/v2\/comments?post=11087"}],"version-history":[{"count":1,"href":"https:\/\/terraenatura.com\/en\/wp-json\/wp\/v2\/product\/11087\/revisions"}],"predecessor-version":[{"id":11089,"href":"https:\/\/terraenatura.com\/en\/wp-json\/wp\/v2\/product\/11087\/revisions\/11089"}],"wp:featuredmedia":[{"embeddable":true,"href":"https:\/\/terraenatura.com\/en\/wp-json\/wp\/v2\/media\/11088"}],"wp:attachment":[{"href":"https:\/\/terraenatura.com\/en\/wp-json\/wp\/v2\/media?parent=11087"}],"wp:term":[{"taxonomy":"product_brand","embeddable":true,"href":"https:\/\/terraenatura.com\/en\/wp-json\/wp\/v2\/product_brand?post=11087"},{"taxonomy":"product_cat","embeddable":true,"href":"https:\/\/terraenatura.com\/en\/wp-json\/wp\/v2\/product_cat?post=11087"},{"taxonomy":"product_tag","embeddable":true,"href":"https:\/\/terraenatura.com\/en\/wp-json\/wp\/v2\/product_tag?post=11087"}],"curies":[{"name":"wp","href":"https:\/\/api.w.org\/{rel}","templated":true}]}}