{"id":11104,"date":"2025-03-01T10:31:15","date_gmt":"2025-03-01T09:31:15","guid":{"rendered":"https:\/\/terraenatura.com\/?post_type=product&#038;p=11104"},"modified":"2025-03-04T12:40:05","modified_gmt":"2025-03-04T11:40:05","slug":"latte-di-soia-100-per-te-litri-1","status":"publish","type":"product","link":"https:\/\/terraenatura.com\/en\/product\/latte-di-soia-100-per-te-litri-1\/","title":{"rendered":"Latte di SOIA 100% Per Te litri 1"},"content":{"rendered":"<p>&#8220;Latte di SOIA 100% Per Te&#8221; \u00e8 una bevanda vegetale naturale, priva di lattosio, ottenuta dalla soia. \u00c8 ricca di proteine vegetali e rappresenta una valida alternativa al latte vaccino, ideale per chi segue una dieta vegana o ha intolleranze. Con un gusto delicato e leggero, \u00e8 perfetta per la colazione o per aggiungere cremosit\u00e0 a caff\u00e8 e ricette.<\/p>","protected":false},"excerpt":{"rendered":"<p>Contenuto: 1000 ml totali<\/p>\n<p>&nbsp;<\/p>","protected":false},"featured_media":11105,"comment_status":"open","ping_status":"closed","template":"","meta":[],"product_brand":[],"product_cat":[101],"product_tag":[],"class_list":{"0":"post-11104","1":"product","2":"type-product","3":"status-publish","4":"has-post-thumbnail","6":"product_cat-zucchero-caffe-latte","8":"first","9":"instock","10":"shipping-taxable","11":"purchasable","12":"product-type-simple"},"_links":{"self":[{"href":"https:\/\/terraenatura.com\/en\/wp-json\/wp\/v2\/product\/11104","targetHints":{"allow":["GET"]}}],"collection":[{"href":"https:\/\/terraenatura.com\/en\/wp-json\/wp\/v2\/product"}],"about":[{"href":"https:\/\/terraenatura.com\/en\/wp-json\/wp\/v2\/types\/product"}],"replies":[{"embeddable":true,"href":"https:\/\/terraenatura.com\/en\/wp-json\/wp\/v2\/comments?post=11104"}],"version-history":[{"count":1,"href":"https:\/\/terraenatura.com\/en\/wp-json\/wp\/v2\/product\/11104\/revisions"}],"predecessor-version":[{"id":11106,"href":"https:\/\/terraenatura.com\/en\/wp-json\/wp\/v2\/product\/11104\/revisions\/11106"}],"wp:featuredmedia":[{"embeddable":true,"href":"https:\/\/terraenatura.com\/en\/wp-json\/wp\/v2\/media\/11105"}],"wp:attachment":[{"href":"https:\/\/terraenatura.com\/en\/wp-json\/wp\/v2\/media?parent=11104"}],"wp:term":[{"taxonomy":"product_brand","embeddable":true,"href":"https:\/\/terraenatura.com\/en\/wp-json\/wp\/v2\/product_brand?post=11104"},{"taxonomy":"product_cat","embeddable":true,"href":"https:\/\/terraenatura.com\/en\/wp-json\/wp\/v2\/product_cat?post=11104"},{"taxonomy":"product_tag","embeddable":true,"href":"https:\/\/terraenatura.com\/en\/wp-json\/wp\/v2\/product_tag?post=11104"}],"curies":[{"name":"wp","href":"https:\/\/api.w.org\/{rel}","templated":true}]}}