{"id":11110,"date":"2025-03-01T10:38:10","date_gmt":"2025-03-01T09:38:10","guid":{"rendered":"https:\/\/terraenatura.com\/?post_type=product&#038;p=11110"},"modified":"2025-03-01T10:40:56","modified_gmt":"2025-03-01T09:40:56","slug":"orzoro-solubile-gr-120","status":"publish","type":"product","link":"https:\/\/terraenatura.com\/en\/product\/orzoro-solubile-gr-120\/","title":{"rendered":"Orzoro solubile gr.120"},"content":{"rendered":"<p>L&#8217;Orzoro solubile \u00e8 una bevanda a base di orzo tostato, facilmente preparabile. Si presenta sotto forma di polvere o granuli da sciogliere in acqua calda, ed \u00e8 spesso utilizzato come alternativa al caff\u00e8 per chi cerca una bevanda priva di caffeina. \u00c8 noto per il suo sapore delicato, dolce e aromatico, e viene apprezzato per le sue propriet\u00e0 digestive e rilassanti.<\/p>","protected":false},"excerpt":{"rendered":"<p>Contenuto:\u00a0120 gr totali<\/p>\n<p>&nbsp;<\/p>","protected":false},"featured_media":11111,"comment_status":"open","ping_status":"closed","template":"","meta":[],"product_brand":[],"product_cat":[101],"product_tag":[],"class_list":{"0":"post-11110","1":"product","2":"type-product","3":"status-publish","4":"has-post-thumbnail","6":"product_cat-zucchero-caffe-latte","8":"first","9":"instock","10":"shipping-taxable","11":"purchasable","12":"product-type-simple"},"_links":{"self":[{"href":"https:\/\/terraenatura.com\/en\/wp-json\/wp\/v2\/product\/11110","targetHints":{"allow":["GET"]}}],"collection":[{"href":"https:\/\/terraenatura.com\/en\/wp-json\/wp\/v2\/product"}],"about":[{"href":"https:\/\/terraenatura.com\/en\/wp-json\/wp\/v2\/types\/product"}],"replies":[{"embeddable":true,"href":"https:\/\/terraenatura.com\/en\/wp-json\/wp\/v2\/comments?post=11110"}],"version-history":[{"count":1,"href":"https:\/\/terraenatura.com\/en\/wp-json\/wp\/v2\/product\/11110\/revisions"}],"predecessor-version":[{"id":11112,"href":"https:\/\/terraenatura.com\/en\/wp-json\/wp\/v2\/product\/11110\/revisions\/11112"}],"wp:featuredmedia":[{"embeddable":true,"href":"https:\/\/terraenatura.com\/en\/wp-json\/wp\/v2\/media\/11111"}],"wp:attachment":[{"href":"https:\/\/terraenatura.com\/en\/wp-json\/wp\/v2\/media?parent=11110"}],"wp:term":[{"taxonomy":"product_brand","embeddable":true,"href":"https:\/\/terraenatura.com\/en\/wp-json\/wp\/v2\/product_brand?post=11110"},{"taxonomy":"product_cat","embeddable":true,"href":"https:\/\/terraenatura.com\/en\/wp-json\/wp\/v2\/product_cat?post=11110"},{"taxonomy":"product_tag","embeddable":true,"href":"https:\/\/terraenatura.com\/en\/wp-json\/wp\/v2\/product_tag?post=11110"}],"curies":[{"name":"wp","href":"https:\/\/api.w.org\/{rel}","templated":true}]}}