{"id":11116,"date":"2025-03-01T10:46:04","date_gmt":"2025-03-01T09:46:04","guid":{"rendered":"https:\/\/terraenatura.com\/?post_type=product&#038;p=11116"},"modified":"2025-03-01T10:48:53","modified_gmt":"2025-03-01T09:48:53","slug":"lipton-yellow-label-classico-25-filtri-375-g","status":"publish","type":"product","link":"https:\/\/terraenatura.com\/en\/product\/lipton-yellow-label-classico-25-filtri-375-g\/","title":{"rendered":"Lipton Yellow Label Classico 25 Filtri 37,5 g"},"content":{"rendered":"<p>Lipton Yellow Label Classico \u00e8 una miscela di t\u00e8 nero dalle note intense e aromatiche, con un sapore bilanciato e robusto. \u00c8 perfetto per essere gustato sia caldo che freddo, ed \u00e8 ideale per chi cerca una bevanda energizzante e di qualit\u00e0.<\/p>","protected":false},"excerpt":{"rendered":"<p>Contenuto:\u00a037.5 gr totali per 25 prodotti<\/p>\n<p>&nbsp;<\/p>","protected":false},"featured_media":11117,"comment_status":"open","ping_status":"closed","template":"","meta":[],"product_brand":[],"product_cat":[101],"product_tag":[],"class_list":{"0":"post-11116","1":"product","2":"type-product","3":"status-publish","4":"has-post-thumbnail","6":"product_cat-zucchero-caffe-latte","8":"first","9":"instock","10":"shipping-taxable","11":"purchasable","12":"product-type-simple"},"_links":{"self":[{"href":"https:\/\/terraenatura.com\/en\/wp-json\/wp\/v2\/product\/11116","targetHints":{"allow":["GET"]}}],"collection":[{"href":"https:\/\/terraenatura.com\/en\/wp-json\/wp\/v2\/product"}],"about":[{"href":"https:\/\/terraenatura.com\/en\/wp-json\/wp\/v2\/types\/product"}],"replies":[{"embeddable":true,"href":"https:\/\/terraenatura.com\/en\/wp-json\/wp\/v2\/comments?post=11116"}],"version-history":[{"count":2,"href":"https:\/\/terraenatura.com\/en\/wp-json\/wp\/v2\/product\/11116\/revisions"}],"predecessor-version":[{"id":11119,"href":"https:\/\/terraenatura.com\/en\/wp-json\/wp\/v2\/product\/11116\/revisions\/11119"}],"wp:featuredmedia":[{"embeddable":true,"href":"https:\/\/terraenatura.com\/en\/wp-json\/wp\/v2\/media\/11117"}],"wp:attachment":[{"href":"https:\/\/terraenatura.com\/en\/wp-json\/wp\/v2\/media?parent=11116"}],"wp:term":[{"taxonomy":"product_brand","embeddable":true,"href":"https:\/\/terraenatura.com\/en\/wp-json\/wp\/v2\/product_brand?post=11116"},{"taxonomy":"product_cat","embeddable":true,"href":"https:\/\/terraenatura.com\/en\/wp-json\/wp\/v2\/product_cat?post=11116"},{"taxonomy":"product_tag","embeddable":true,"href":"https:\/\/terraenatura.com\/en\/wp-json\/wp\/v2\/product_tag?post=11116"}],"curies":[{"name":"wp","href":"https:\/\/api.w.org\/{rel}","templated":true}]}}