{"id":11274,"date":"2025-03-04T12:13:49","date_gmt":"2025-03-04T11:13:49","guid":{"rendered":"https:\/\/terraenatura.com\/?post_type=product&#038;p=11274"},"modified":"2025-03-04T12:20:09","modified_gmt":"2025-03-04T11:20:09","slug":"cacao-zuccherato-perugina-gr-75","status":"publish","type":"product","link":"https:\/\/terraenatura.com\/en\/product\/cacao-zuccherato-perugina-gr-75\/","title":{"rendered":"Cacao Zuccherato Perugina &#8211; gr.75"},"content":{"rendered":"<p>Il <strong>Cacao Zuccherato Perugina<\/strong> \u00e8 una miscela di cacao e zucchero ideale per la preparazione di bevande calde e dolci. Dal gusto intenso e avvolgente, \u00e8 perfetto per arricchire dessert, torte e creme, garantendo un tocco di golosit\u00e0 in ogni ricetta.<\/p>","protected":false},"excerpt":{"rendered":"<p>Contenuto:\u00a075 gr totali<\/p>\n<p>&nbsp;<\/p>","protected":false},"featured_media":11273,"comment_status":"open","ping_status":"closed","template":"","meta":[],"product_brand":[],"product_cat":[101],"product_tag":[],"class_list":{"0":"post-11274","1":"product","2":"type-product","3":"status-publish","4":"has-post-thumbnail","6":"product_cat-zucchero-caffe-latte","8":"first","9":"instock","10":"shipping-taxable","11":"purchasable","12":"product-type-simple"},"_links":{"self":[{"href":"https:\/\/terraenatura.com\/en\/wp-json\/wp\/v2\/product\/11274","targetHints":{"allow":["GET"]}}],"collection":[{"href":"https:\/\/terraenatura.com\/en\/wp-json\/wp\/v2\/product"}],"about":[{"href":"https:\/\/terraenatura.com\/en\/wp-json\/wp\/v2\/types\/product"}],"replies":[{"embeddable":true,"href":"https:\/\/terraenatura.com\/en\/wp-json\/wp\/v2\/comments?post=11274"}],"version-history":[{"count":1,"href":"https:\/\/terraenatura.com\/en\/wp-json\/wp\/v2\/product\/11274\/revisions"}],"predecessor-version":[{"id":11281,"href":"https:\/\/terraenatura.com\/en\/wp-json\/wp\/v2\/product\/11274\/revisions\/11281"}],"wp:featuredmedia":[{"embeddable":true,"href":"https:\/\/terraenatura.com\/en\/wp-json\/wp\/v2\/media\/11273"}],"wp:attachment":[{"href":"https:\/\/terraenatura.com\/en\/wp-json\/wp\/v2\/media?parent=11274"}],"wp:term":[{"taxonomy":"product_brand","embeddable":true,"href":"https:\/\/terraenatura.com\/en\/wp-json\/wp\/v2\/product_brand?post=11274"},{"taxonomy":"product_cat","embeddable":true,"href":"https:\/\/terraenatura.com\/en\/wp-json\/wp\/v2\/product_cat?post=11274"},{"taxonomy":"product_tag","embeddable":true,"href":"https:\/\/terraenatura.com\/en\/wp-json\/wp\/v2\/product_tag?post=11274"}],"curies":[{"name":"wp","href":"https:\/\/api.w.org\/{rel}","templated":true}]}}