{"id":11326,"date":"2025-03-04T17:13:45","date_gmt":"2025-03-04T16:13:45","guid":{"rendered":"https:\/\/terraenatura.com\/?post_type=product&#038;p=11326"},"modified":"2025-03-04T17:24:59","modified_gmt":"2025-03-04T16:24:59","slug":"carta-igienica-vit-4-rotoli","status":"publish","type":"product","link":"https:\/\/terraenatura.com\/en\/product\/carta-igienica-vit-4-rotoli\/","title":{"rendered":"Carta Igienica Vit 4 rotoli"},"content":{"rendered":"<p>La <strong>Carta Igienica Vit<\/strong> \u00e8 un prodotto per l&#8217;igiene personale noto per la sua morbidezza, resistenza e qualit\u00e0. Realizzata con materiali delicati sulla pelle, \u00e8 disponibile in vari strati per garantire comfort e assorbenza. Ideale per l&#8217;uso quotidiano, assicura una pulizia efficace e delicata.<\/p>","protected":false},"excerpt":{"rendered":"<p>Contenuto: 4 rotoli<\/p>","protected":false},"featured_media":11327,"comment_status":"open","ping_status":"closed","template":"","meta":[],"product_brand":[],"product_cat":[104],"product_tag":[],"class_list":{"0":"post-11326","1":"product","2":"type-product","3":"status-publish","4":"has-post-thumbnail","6":"product_cat-articoli-per-la-casa-persona-e-detersivi","8":"first","9":"instock","10":"shipping-taxable","11":"purchasable","12":"product-type-simple"},"_links":{"self":[{"href":"https:\/\/terraenatura.com\/en\/wp-json\/wp\/v2\/product\/11326","targetHints":{"allow":["GET"]}}],"collection":[{"href":"https:\/\/terraenatura.com\/en\/wp-json\/wp\/v2\/product"}],"about":[{"href":"https:\/\/terraenatura.com\/en\/wp-json\/wp\/v2\/types\/product"}],"replies":[{"embeddable":true,"href":"https:\/\/terraenatura.com\/en\/wp-json\/wp\/v2\/comments?post=11326"}],"version-history":[{"count":2,"href":"https:\/\/terraenatura.com\/en\/wp-json\/wp\/v2\/product\/11326\/revisions"}],"predecessor-version":[{"id":11329,"href":"https:\/\/terraenatura.com\/en\/wp-json\/wp\/v2\/product\/11326\/revisions\/11329"}],"wp:featuredmedia":[{"embeddable":true,"href":"https:\/\/terraenatura.com\/en\/wp-json\/wp\/v2\/media\/11327"}],"wp:attachment":[{"href":"https:\/\/terraenatura.com\/en\/wp-json\/wp\/v2\/media?parent=11326"}],"wp:term":[{"taxonomy":"product_brand","embeddable":true,"href":"https:\/\/terraenatura.com\/en\/wp-json\/wp\/v2\/product_brand?post=11326"},{"taxonomy":"product_cat","embeddable":true,"href":"https:\/\/terraenatura.com\/en\/wp-json\/wp\/v2\/product_cat?post=11326"},{"taxonomy":"product_tag","embeddable":true,"href":"https:\/\/terraenatura.com\/en\/wp-json\/wp\/v2\/product_tag?post=11326"}],"curies":[{"name":"wp","href":"https:\/\/api.w.org\/{rel}","templated":true}]}}