{"id":11336,"date":"2025-03-04T17:38:39","date_gmt":"2025-03-04T16:38:39","guid":{"rendered":"https:\/\/terraenatura.com\/?post_type=product&#038;p=11336"},"modified":"2025-03-04T17:41:31","modified_gmt":"2025-03-04T16:41:31","slug":"vaschetta-alluminio-porz-6-pz-4","status":"publish","type":"product","link":"https:\/\/terraenatura.com\/en\/product\/vaschetta-alluminio-porz-6-pz-4\/","title":{"rendered":"Vaschetta Alluminio Porz.6 pz.4"},"content":{"rendered":"<p>La <strong>vaschetta in alluminio<\/strong> \u00e8 un contenitore leggero, resistente al calore e ideale per la conservazione, la cottura e il trasporto degli alimenti. \u00c8 ampiamente utilizzata nell&#8217;industria alimentare e domestica grazie alla sua capacit\u00e0 di mantenere il cibo caldo e alla sua compatibilit\u00e0 con forno e freezer. Inoltre, \u00e8 riciclabile, rendendola una scelta sostenibile.<\/p>","protected":false},"excerpt":{"rendered":"<p>Contenuto: 1 confezione x4 pezzi<\/p>","protected":false},"featured_media":11337,"comment_status":"open","ping_status":"closed","template":"","meta":[],"product_brand":[],"product_cat":[104],"product_tag":[],"class_list":{"0":"post-11336","1":"product","2":"type-product","3":"status-publish","4":"has-post-thumbnail","6":"product_cat-articoli-per-la-casa-persona-e-detersivi","8":"first","9":"instock","10":"shipping-taxable","11":"purchasable","12":"product-type-simple"},"_links":{"self":[{"href":"https:\/\/terraenatura.com\/en\/wp-json\/wp\/v2\/product\/11336","targetHints":{"allow":["GET"]}}],"collection":[{"href":"https:\/\/terraenatura.com\/en\/wp-json\/wp\/v2\/product"}],"about":[{"href":"https:\/\/terraenatura.com\/en\/wp-json\/wp\/v2\/types\/product"}],"replies":[{"embeddable":true,"href":"https:\/\/terraenatura.com\/en\/wp-json\/wp\/v2\/comments?post=11336"}],"version-history":[{"count":1,"href":"https:\/\/terraenatura.com\/en\/wp-json\/wp\/v2\/product\/11336\/revisions"}],"predecessor-version":[{"id":11338,"href":"https:\/\/terraenatura.com\/en\/wp-json\/wp\/v2\/product\/11336\/revisions\/11338"}],"wp:featuredmedia":[{"embeddable":true,"href":"https:\/\/terraenatura.com\/en\/wp-json\/wp\/v2\/media\/11337"}],"wp:attachment":[{"href":"https:\/\/terraenatura.com\/en\/wp-json\/wp\/v2\/media?parent=11336"}],"wp:term":[{"taxonomy":"product_brand","embeddable":true,"href":"https:\/\/terraenatura.com\/en\/wp-json\/wp\/v2\/product_brand?post=11336"},{"taxonomy":"product_cat","embeddable":true,"href":"https:\/\/terraenatura.com\/en\/wp-json\/wp\/v2\/product_cat?post=11336"},{"taxonomy":"product_tag","embeddable":true,"href":"https:\/\/terraenatura.com\/en\/wp-json\/wp\/v2\/product_tag?post=11336"}],"curies":[{"name":"wp","href":"https:\/\/api.w.org\/{rel}","templated":true}]}}