{"id":11408,"date":"2025-03-05T16:12:26","date_gmt":"2025-03-05T15:12:26","guid":{"rendered":"https:\/\/terraenatura.com\/?post_type=product&#038;p=11408"},"modified":"2025-03-05T16:16:56","modified_gmt":"2025-03-05T15:16:56","slug":"panna-montata-spray-senza-lattosio-tre-valli-250-ml","status":"publish","type":"product","link":"https:\/\/terraenatura.com\/en\/product\/panna-montata-spray-senza-lattosio-tre-valli-250-ml\/","title":{"rendered":"Panna Montata Spray Senza Lattosio Tre Valli 250 ml."},"content":{"rendered":"<p>La <strong>Panna Montata Spray Senza Lattosio Tre Valli<\/strong> \u00e8 una panna gi\u00e0 montata in bomboletta, ideale per guarnire dolci, frutta e bevande. Senza lattosio, \u00e8 adatta a chi \u00e8 intollerante, mantenendo gusto e cremosit\u00e0.<\/p>","protected":false},"excerpt":{"rendered":"<p>Contenuto: 250 ml totali<\/p>\n<p>&nbsp;<\/p>","protected":false},"featured_media":11409,"comment_status":"open","ping_status":"closed","template":"","meta":[],"product_brand":[],"product_cat":[101],"product_tag":[],"class_list":{"0":"post-11408","1":"product","2":"type-product","3":"status-publish","4":"has-post-thumbnail","6":"product_cat-zucchero-caffe-latte","8":"first","9":"instock","10":"shipping-taxable","11":"purchasable","12":"product-type-simple"},"_links":{"self":[{"href":"https:\/\/terraenatura.com\/en\/wp-json\/wp\/v2\/product\/11408","targetHints":{"allow":["GET"]}}],"collection":[{"href":"https:\/\/terraenatura.com\/en\/wp-json\/wp\/v2\/product"}],"about":[{"href":"https:\/\/terraenatura.com\/en\/wp-json\/wp\/v2\/types\/product"}],"replies":[{"embeddable":true,"href":"https:\/\/terraenatura.com\/en\/wp-json\/wp\/v2\/comments?post=11408"}],"version-history":[{"count":1,"href":"https:\/\/terraenatura.com\/en\/wp-json\/wp\/v2\/product\/11408\/revisions"}],"predecessor-version":[{"id":11410,"href":"https:\/\/terraenatura.com\/en\/wp-json\/wp\/v2\/product\/11408\/revisions\/11410"}],"wp:featuredmedia":[{"embeddable":true,"href":"https:\/\/terraenatura.com\/en\/wp-json\/wp\/v2\/media\/11409"}],"wp:attachment":[{"href":"https:\/\/terraenatura.com\/en\/wp-json\/wp\/v2\/media?parent=11408"}],"wp:term":[{"taxonomy":"product_brand","embeddable":true,"href":"https:\/\/terraenatura.com\/en\/wp-json\/wp\/v2\/product_brand?post=11408"},{"taxonomy":"product_cat","embeddable":true,"href":"https:\/\/terraenatura.com\/en\/wp-json\/wp\/v2\/product_cat?post=11408"},{"taxonomy":"product_tag","embeddable":true,"href":"https:\/\/terraenatura.com\/en\/wp-json\/wp\/v2\/product_tag?post=11408"}],"curies":[{"name":"wp","href":"https:\/\/api.w.org\/{rel}","templated":true}]}}