{"id":11441,"date":"2025-03-05T17:10:13","date_gmt":"2025-03-05T16:10:13","guid":{"rendered":"https:\/\/terraenatura.com\/?post_type=product&#038;p=11441"},"modified":"2025-03-05T17:12:39","modified_gmt":"2025-03-05T16:12:39","slug":"mozzarella-centrale-del-latte-cesena-125g","status":"publish","type":"product","link":"https:\/\/terraenatura.com\/en\/product\/mozzarella-centrale-del-latte-cesena-125g\/","title":{"rendered":"Mozzarella Centrale del Latte Cesena 125g"},"content":{"rendered":"<p>La Mozzarella Centrale del Latte di Cesena \u00e8 un formaggio fresco a pasta filata, prodotto con latte di alta qualit\u00e0. Morbida, dal sapore delicato e leggermente lattiginoso, \u00e8 ideale da gustare al naturale, in insalate o come ingrediente per piatti caldi.<\/p>","protected":false},"excerpt":{"rendered":"<p>Contenuto: Confezione 125 gr.<\/p>","protected":false},"featured_media":11442,"comment_status":"open","ping_status":"closed","template":"","meta":[],"product_brand":[],"product_cat":[91],"product_tag":[],"class_list":{"0":"post-11441","1":"product","2":"type-product","3":"status-publish","4":"has-post-thumbnail","6":"product_cat-latticini-freschi","8":"first","9":"instock","10":"shipping-taxable","11":"purchasable","12":"product-type-simple"},"_links":{"self":[{"href":"https:\/\/terraenatura.com\/en\/wp-json\/wp\/v2\/product\/11441","targetHints":{"allow":["GET"]}}],"collection":[{"href":"https:\/\/terraenatura.com\/en\/wp-json\/wp\/v2\/product"}],"about":[{"href":"https:\/\/terraenatura.com\/en\/wp-json\/wp\/v2\/types\/product"}],"replies":[{"embeddable":true,"href":"https:\/\/terraenatura.com\/en\/wp-json\/wp\/v2\/comments?post=11441"}],"version-history":[{"count":1,"href":"https:\/\/terraenatura.com\/en\/wp-json\/wp\/v2\/product\/11441\/revisions"}],"predecessor-version":[{"id":11443,"href":"https:\/\/terraenatura.com\/en\/wp-json\/wp\/v2\/product\/11441\/revisions\/11443"}],"wp:featuredmedia":[{"embeddable":true,"href":"https:\/\/terraenatura.com\/en\/wp-json\/wp\/v2\/media\/11442"}],"wp:attachment":[{"href":"https:\/\/terraenatura.com\/en\/wp-json\/wp\/v2\/media?parent=11441"}],"wp:term":[{"taxonomy":"product_brand","embeddable":true,"href":"https:\/\/terraenatura.com\/en\/wp-json\/wp\/v2\/product_brand?post=11441"},{"taxonomy":"product_cat","embeddable":true,"href":"https:\/\/terraenatura.com\/en\/wp-json\/wp\/v2\/product_cat?post=11441"},{"taxonomy":"product_tag","embeddable":true,"href":"https:\/\/terraenatura.com\/en\/wp-json\/wp\/v2\/product_tag?post=11441"}],"curies":[{"name":"wp","href":"https:\/\/api.w.org\/{rel}","templated":true}]}}