{"id":11444,"date":"2025-03-05T17:12:56","date_gmt":"2025-03-05T16:12:56","guid":{"rendered":"https:\/\/terraenatura.com\/?post_type=product&#038;p=11444"},"modified":"2025-03-05T17:14:55","modified_gmt":"2025-03-05T16:14:55","slug":"squacquerone-di-romagna-dop-centrale-del-latte-cesena-300gr","status":"publish","type":"product","link":"https:\/\/terraenatura.com\/en\/product\/squacquerone-di-romagna-dop-centrale-del-latte-cesena-300gr\/","title":{"rendered":"Squacquerone di Romagna DOP Centrale del Latte Cesena 300gr"},"content":{"rendered":"<p>Lo <strong>Squacquerone di Romagna DOP<\/strong> \u00e8 un formaggio fresco e cremoso, tipico della Romagna, prodotto con latte vaccino intero. Ha una consistenza morbida e spalmabile, dal sapore delicato e leggermente acidulo. Il marchio <strong>Centrale del Latte Cesena<\/strong> \u00e8 uno dei produttori che garantisce la qualit\u00e0 e l&#8217;autenticit\u00e0 di questo formaggio, che viene solitamente utilizzato in abbinamenti con piadine, verdure fresche o come ingrediente in diverse preparazioni culinarie.<\/p>","protected":false},"excerpt":{"rendered":"<p>Contenuto: Confezione 300 gr.<\/p>","protected":false},"featured_media":11445,"comment_status":"open","ping_status":"closed","template":"","meta":[],"product_brand":[],"product_cat":[91],"product_tag":[],"class_list":{"0":"post-11444","1":"product","2":"type-product","3":"status-publish","4":"has-post-thumbnail","6":"product_cat-latticini-freschi","8":"first","9":"instock","10":"shipping-taxable","11":"purchasable","12":"product-type-simple"},"_links":{"self":[{"href":"https:\/\/terraenatura.com\/en\/wp-json\/wp\/v2\/product\/11444","targetHints":{"allow":["GET"]}}],"collection":[{"href":"https:\/\/terraenatura.com\/en\/wp-json\/wp\/v2\/product"}],"about":[{"href":"https:\/\/terraenatura.com\/en\/wp-json\/wp\/v2\/types\/product"}],"replies":[{"embeddable":true,"href":"https:\/\/terraenatura.com\/en\/wp-json\/wp\/v2\/comments?post=11444"}],"version-history":[{"count":1,"href":"https:\/\/terraenatura.com\/en\/wp-json\/wp\/v2\/product\/11444\/revisions"}],"predecessor-version":[{"id":11446,"href":"https:\/\/terraenatura.com\/en\/wp-json\/wp\/v2\/product\/11444\/revisions\/11446"}],"wp:featuredmedia":[{"embeddable":true,"href":"https:\/\/terraenatura.com\/en\/wp-json\/wp\/v2\/media\/11445"}],"wp:attachment":[{"href":"https:\/\/terraenatura.com\/en\/wp-json\/wp\/v2\/media?parent=11444"}],"wp:term":[{"taxonomy":"product_brand","embeddable":true,"href":"https:\/\/terraenatura.com\/en\/wp-json\/wp\/v2\/product_brand?post=11444"},{"taxonomy":"product_cat","embeddable":true,"href":"https:\/\/terraenatura.com\/en\/wp-json\/wp\/v2\/product_cat?post=11444"},{"taxonomy":"product_tag","embeddable":true,"href":"https:\/\/terraenatura.com\/en\/wp-json\/wp\/v2\/product_tag?post=11444"}],"curies":[{"name":"wp","href":"https:\/\/api.w.org\/{rel}","templated":true}]}}