{"id":11456,"date":"2025-03-05T17:22:56","date_gmt":"2025-03-05T16:22:56","guid":{"rendered":"https:\/\/terraenatura.com\/?post_type=product&#038;p=11456"},"modified":"2025-03-05T17:26:49","modified_gmt":"2025-03-05T16:26:49","slug":"feta-salakis-president-gr-200","status":"publish","type":"product","link":"https:\/\/terraenatura.com\/en\/product\/feta-salakis-president-gr-200\/","title":{"rendered":"Feta Salakis Pr\u00e9sident gr.200"},"content":{"rendered":"<p>La <strong>feta Salakis Pr\u00e9sident<\/strong> \u00e8 un formaggio tradizionale greco, prodotto con latte di pecora e capra. Ha una consistenza compatta ma friabile, con un sapore salato e leggermente acidulo, tipico della feta. Salakis \u00e8 uno dei marchi pi\u00f9 noti nel mondo, mentre Pr\u00e9sident \u00e8 una linea di alta qualit\u00e0. Questo formaggio \u00e8 spesso utilizzato in insalate, piatti mediterranei o come accompagnamento a diverse preparazioni.<\/p>","protected":false},"excerpt":{"rendered":"<p>Contenuto: Confezione 200 gr.<\/p>","protected":false},"featured_media":11458,"comment_status":"open","ping_status":"closed","template":"","meta":[],"product_brand":[],"product_cat":[91],"product_tag":[],"class_list":{"0":"post-11456","1":"product","2":"type-product","3":"status-publish","4":"has-post-thumbnail","6":"product_cat-latticini-freschi","8":"first","9":"instock","10":"shipping-taxable","11":"purchasable","12":"product-type-simple"},"_links":{"self":[{"href":"https:\/\/terraenatura.com\/en\/wp-json\/wp\/v2\/product\/11456","targetHints":{"allow":["GET"]}}],"collection":[{"href":"https:\/\/terraenatura.com\/en\/wp-json\/wp\/v2\/product"}],"about":[{"href":"https:\/\/terraenatura.com\/en\/wp-json\/wp\/v2\/types\/product"}],"replies":[{"embeddable":true,"href":"https:\/\/terraenatura.com\/en\/wp-json\/wp\/v2\/comments?post=11456"}],"version-history":[{"count":1,"href":"https:\/\/terraenatura.com\/en\/wp-json\/wp\/v2\/product\/11456\/revisions"}],"predecessor-version":[{"id":11459,"href":"https:\/\/terraenatura.com\/en\/wp-json\/wp\/v2\/product\/11456\/revisions\/11459"}],"wp:featuredmedia":[{"embeddable":true,"href":"https:\/\/terraenatura.com\/en\/wp-json\/wp\/v2\/media\/11458"}],"wp:attachment":[{"href":"https:\/\/terraenatura.com\/en\/wp-json\/wp\/v2\/media?parent=11456"}],"wp:term":[{"taxonomy":"product_brand","embeddable":true,"href":"https:\/\/terraenatura.com\/en\/wp-json\/wp\/v2\/product_brand?post=11456"},{"taxonomy":"product_cat","embeddable":true,"href":"https:\/\/terraenatura.com\/en\/wp-json\/wp\/v2\/product_cat?post=11456"},{"taxonomy":"product_tag","embeddable":true,"href":"https:\/\/terraenatura.com\/en\/wp-json\/wp\/v2\/product_tag?post=11456"}],"curies":[{"name":"wp","href":"https:\/\/api.w.org\/{rel}","templated":true}]}}