{"id":11504,"date":"2025-03-05T18:11:55","date_gmt":"2025-03-05T17:11:55","guid":{"rendered":"https:\/\/terraenatura.com\/?post_type=product&#038;p=11504"},"modified":"2025-03-05T18:16:10","modified_gmt":"2025-03-05T17:16:10","slug":"panno-microfibra-irge-cm-30x30-pz-3","status":"publish","type":"product","link":"https:\/\/terraenatura.com\/en\/product\/panno-microfibra-irge-cm-30x30-pz-3\/","title":{"rendered":"Panno Microfibra Irge cm.30X30 pz.3"},"content":{"rendered":"<p>Il panno in microfibra Irge \u00e8 un accessorio di pulizia molto efficace, grazie alla sua capacit\u00e0 di assorbire polvere, sporco e umidit\u00e0. Realizzato in microfibra, \u00e8 morbido, resistente e ideale per pulire superfici delicate senza danneggiarle. Perfetto per casa, auto e ufficio, offre un&#8217;ottima performance senza necessit\u00e0 di detergenti aggressivi.<\/p>","protected":false},"excerpt":{"rendered":"<p>Contenuto: 3pz totali<\/p>","protected":false},"featured_media":11505,"comment_status":"open","ping_status":"closed","template":"","meta":[],"product_brand":[],"product_cat":[104],"product_tag":[],"class_list":{"0":"post-11504","1":"product","2":"type-product","3":"status-publish","4":"has-post-thumbnail","6":"product_cat-articoli-per-la-casa-persona-e-detersivi","8":"first","9":"instock","10":"shipping-taxable","11":"purchasable","12":"product-type-simple"},"_links":{"self":[{"href":"https:\/\/terraenatura.com\/en\/wp-json\/wp\/v2\/product\/11504","targetHints":{"allow":["GET"]}}],"collection":[{"href":"https:\/\/terraenatura.com\/en\/wp-json\/wp\/v2\/product"}],"about":[{"href":"https:\/\/terraenatura.com\/en\/wp-json\/wp\/v2\/types\/product"}],"replies":[{"embeddable":true,"href":"https:\/\/terraenatura.com\/en\/wp-json\/wp\/v2\/comments?post=11504"}],"version-history":[{"count":1,"href":"https:\/\/terraenatura.com\/en\/wp-json\/wp\/v2\/product\/11504\/revisions"}],"predecessor-version":[{"id":11506,"href":"https:\/\/terraenatura.com\/en\/wp-json\/wp\/v2\/product\/11504\/revisions\/11506"}],"wp:featuredmedia":[{"embeddable":true,"href":"https:\/\/terraenatura.com\/en\/wp-json\/wp\/v2\/media\/11505"}],"wp:attachment":[{"href":"https:\/\/terraenatura.com\/en\/wp-json\/wp\/v2\/media?parent=11504"}],"wp:term":[{"taxonomy":"product_brand","embeddable":true,"href":"https:\/\/terraenatura.com\/en\/wp-json\/wp\/v2\/product_brand?post=11504"},{"taxonomy":"product_cat","embeddable":true,"href":"https:\/\/terraenatura.com\/en\/wp-json\/wp\/v2\/product_cat?post=11504"},{"taxonomy":"product_tag","embeddable":true,"href":"https:\/\/terraenatura.com\/en\/wp-json\/wp\/v2\/product_tag?post=11504"}],"curies":[{"name":"wp","href":"https:\/\/api.w.org\/{rel}","templated":true}]}}