{"id":11507,"date":"2025-03-05T18:16:21","date_gmt":"2025-03-05T17:16:21","guid":{"rendered":"https:\/\/terraenatura.com\/?post_type=product&#038;p=11507"},"modified":"2025-03-05T18:24:15","modified_gmt":"2025-03-05T17:24:15","slug":"pellicola-rotofresh-24-metri","status":"publish","type":"product","link":"https:\/\/terraenatura.com\/en\/product\/pellicola-rotofresh-24-metri\/","title":{"rendered":"Rotolo Pellicola Rotochef 24 Metri"},"content":{"rendered":"<p>La pellicola <strong>Rotofresh<\/strong> \u00e8 una pellicola per imballaggio alimentare utilizzata per la conservazione di prodotti freschi. Realizzata in materiale trasparente, \u00e8 progettata per mantenere la freschezza e la qualit\u00e0 degli alimenti, proteggendoli da contaminazioni esterne, come batteri e umidit\u00e0. Viene impiegata principalmente in ambito alimentare per coprire e sigillare cibi freschi, facilitando la conservazione e la durata dei prodotti.<\/p>","protected":false},"excerpt":{"rendered":"<p>Contenuto: 1 rotolo mt. 24<\/p>","protected":false},"featured_media":11509,"comment_status":"open","ping_status":"closed","template":"","meta":[],"product_brand":[],"product_cat":[104],"product_tag":[],"class_list":{"0":"post-11507","1":"product","2":"type-product","3":"status-publish","4":"has-post-thumbnail","6":"product_cat-articoli-per-la-casa-persona-e-detersivi","8":"first","9":"instock","10":"shipping-taxable","11":"purchasable","12":"product-type-simple"},"_links":{"self":[{"href":"https:\/\/terraenatura.com\/en\/wp-json\/wp\/v2\/product\/11507","targetHints":{"allow":["GET"]}}],"collection":[{"href":"https:\/\/terraenatura.com\/en\/wp-json\/wp\/v2\/product"}],"about":[{"href":"https:\/\/terraenatura.com\/en\/wp-json\/wp\/v2\/types\/product"}],"replies":[{"embeddable":true,"href":"https:\/\/terraenatura.com\/en\/wp-json\/wp\/v2\/comments?post=11507"}],"version-history":[{"count":2,"href":"https:\/\/terraenatura.com\/en\/wp-json\/wp\/v2\/product\/11507\/revisions"}],"predecessor-version":[{"id":11511,"href":"https:\/\/terraenatura.com\/en\/wp-json\/wp\/v2\/product\/11507\/revisions\/11511"}],"wp:featuredmedia":[{"embeddable":true,"href":"https:\/\/terraenatura.com\/en\/wp-json\/wp\/v2\/media\/11509"}],"wp:attachment":[{"href":"https:\/\/terraenatura.com\/en\/wp-json\/wp\/v2\/media?parent=11507"}],"wp:term":[{"taxonomy":"product_brand","embeddable":true,"href":"https:\/\/terraenatura.com\/en\/wp-json\/wp\/v2\/product_brand?post=11507"},{"taxonomy":"product_cat","embeddable":true,"href":"https:\/\/terraenatura.com\/en\/wp-json\/wp\/v2\/product_cat?post=11507"},{"taxonomy":"product_tag","embeddable":true,"href":"https:\/\/terraenatura.com\/en\/wp-json\/wp\/v2\/product_tag?post=11507"}],"curies":[{"name":"wp","href":"https:\/\/api.w.org\/{rel}","templated":true}]}}