{"id":11533,"date":"2025-03-05T18:47:25","date_gmt":"2025-03-05T17:47:25","guid":{"rendered":"https:\/\/terraenatura.com\/?post_type=product&#038;p=11533"},"modified":"2025-03-05T18:51:04","modified_gmt":"2025-03-05T17:51:04","slug":"panno-di-spugna-bettina-x-3-pz","status":"publish","type":"product","link":"https:\/\/terraenatura.com\/en\/product\/panno-di-spugna-bettina-x-3-pz\/","title":{"rendered":"Panno Di Spugna Bettina x 3 pz."},"content":{"rendered":"<p>Il &#8220;Panno di Spugna Bettina&#8221; \u00e8 una spugna utilizzata principalmente per la pulizia delle superfici domestiche. \u00c8 caratterizzato da una texture morbida e assorbente, che lo rende ideale per rimuovere polvere, macchie e umidit\u00e0 da tavoli, pavimenti, cucine e altre superfici. La sua capacit\u00e0 di trattenere il liquido e la sua delicatezza lo rendono un prodotto efficace senza rischiare di graffiare o danneggiare le superfici trattate.<\/p>","protected":false},"excerpt":{"rendered":"<p>Contenuto: 3 pz.<\/p>","protected":false},"featured_media":11534,"comment_status":"open","ping_status":"closed","template":"","meta":[],"product_brand":[],"product_cat":[104],"product_tag":[],"class_list":{"0":"post-11533","1":"product","2":"type-product","3":"status-publish","4":"has-post-thumbnail","6":"product_cat-articoli-per-la-casa-persona-e-detersivi","8":"first","9":"instock","10":"shipping-taxable","11":"purchasable","12":"product-type-simple"},"_links":{"self":[{"href":"https:\/\/terraenatura.com\/en\/wp-json\/wp\/v2\/product\/11533","targetHints":{"allow":["GET"]}}],"collection":[{"href":"https:\/\/terraenatura.com\/en\/wp-json\/wp\/v2\/product"}],"about":[{"href":"https:\/\/terraenatura.com\/en\/wp-json\/wp\/v2\/types\/product"}],"replies":[{"embeddable":true,"href":"https:\/\/terraenatura.com\/en\/wp-json\/wp\/v2\/comments?post=11533"}],"version-history":[{"count":1,"href":"https:\/\/terraenatura.com\/en\/wp-json\/wp\/v2\/product\/11533\/revisions"}],"predecessor-version":[{"id":11535,"href":"https:\/\/terraenatura.com\/en\/wp-json\/wp\/v2\/product\/11533\/revisions\/11535"}],"wp:featuredmedia":[{"embeddable":true,"href":"https:\/\/terraenatura.com\/en\/wp-json\/wp\/v2\/media\/11534"}],"wp:attachment":[{"href":"https:\/\/terraenatura.com\/en\/wp-json\/wp\/v2\/media?parent=11533"}],"wp:term":[{"taxonomy":"product_brand","embeddable":true,"href":"https:\/\/terraenatura.com\/en\/wp-json\/wp\/v2\/product_brand?post=11533"},{"taxonomy":"product_cat","embeddable":true,"href":"https:\/\/terraenatura.com\/en\/wp-json\/wp\/v2\/product_cat?post=11533"},{"taxonomy":"product_tag","embeddable":true,"href":"https:\/\/terraenatura.com\/en\/wp-json\/wp\/v2\/product_tag?post=11533"}],"curies":[{"name":"wp","href":"https:\/\/api.w.org\/{rel}","templated":true}]}}