{"id":11601,"date":"2025-03-06T11:42:29","date_gmt":"2025-03-06T10:42:29","guid":{"rendered":"https:\/\/terraenatura.com\/?post_type=product&#038;p=11601"},"modified":"2025-11-03T12:42:25","modified_gmt":"2025-11-03T11:42:25","slug":"carbonella-di-montagna-sacco-kg-2","status":"publish","type":"product","link":"https:\/\/terraenatura.com\/en\/product\/carbonella-di-montagna-sacco-kg-2\/","title":{"rendered":"Carbonella di Montagna Sacco kg 2"},"content":{"rendered":"<p>La <strong>Carbonella di Montagna<\/strong> \u00e8 un tipo di carbonella di alta qualit\u00e0 prodotta attraverso la cottura di legno in forni tradizionali. Tipica delle zone montane, \u00e8 caratterizzata da un processo di produzione che preserva la purezza del legno, rendendola ideale per barbecue e per dare un gusto distintivo ai cibi. La sua origine nelle montagne garantisce un aroma ricco e intenso, spesso apprezzato da chi cerca un prodotto naturale e sostenibile.<\/p>","protected":false},"excerpt":{"rendered":"<p>Contenuto: 2 kg totali<\/p>","protected":false},"featured_media":11602,"comment_status":"open","ping_status":"closed","template":"","meta":[],"product_brand":[],"product_cat":[104],"product_tag":[],"class_list":{"0":"post-11601","1":"product","2":"type-product","3":"status-publish","4":"has-post-thumbnail","6":"product_cat-articoli-per-la-casa-persona-e-detersivi","8":"first","9":"instock","10":"shipping-taxable","11":"purchasable","12":"product-type-simple"},"_links":{"self":[{"href":"https:\/\/terraenatura.com\/en\/wp-json\/wp\/v2\/product\/11601","targetHints":{"allow":["GET"]}}],"collection":[{"href":"https:\/\/terraenatura.com\/en\/wp-json\/wp\/v2\/product"}],"about":[{"href":"https:\/\/terraenatura.com\/en\/wp-json\/wp\/v2\/types\/product"}],"replies":[{"embeddable":true,"href":"https:\/\/terraenatura.com\/en\/wp-json\/wp\/v2\/comments?post=11601"}],"version-history":[{"count":2,"href":"https:\/\/terraenatura.com\/en\/wp-json\/wp\/v2\/product\/11601\/revisions"}],"predecessor-version":[{"id":11604,"href":"https:\/\/terraenatura.com\/en\/wp-json\/wp\/v2\/product\/11601\/revisions\/11604"}],"wp:featuredmedia":[{"embeddable":true,"href":"https:\/\/terraenatura.com\/en\/wp-json\/wp\/v2\/media\/11602"}],"wp:attachment":[{"href":"https:\/\/terraenatura.com\/en\/wp-json\/wp\/v2\/media?parent=11601"}],"wp:term":[{"taxonomy":"product_brand","embeddable":true,"href":"https:\/\/terraenatura.com\/en\/wp-json\/wp\/v2\/product_brand?post=11601"},{"taxonomy":"product_cat","embeddable":true,"href":"https:\/\/terraenatura.com\/en\/wp-json\/wp\/v2\/product_cat?post=11601"},{"taxonomy":"product_tag","embeddable":true,"href":"https:\/\/terraenatura.com\/en\/wp-json\/wp\/v2\/product_tag?post=11601"}],"curies":[{"name":"wp","href":"https:\/\/api.w.org\/{rel}","templated":true}]}}