{"id":11622,"date":"2025-03-06T12:42:32","date_gmt":"2025-03-06T11:42:32","guid":{"rendered":"https:\/\/terraenatura.com\/?post_type=product&#038;p=11622"},"modified":"2025-03-17T10:39:33","modified_gmt":"2025-03-17T09:39:33","slug":"cavolo-cappuccio-o-crauto-rosso-pulito-a-filetti-gr-250","status":"publish","type":"product","link":"https:\/\/terraenatura.com\/en\/product\/cavolo-cappuccio-o-crauto-rosso-pulito-a-filetti-gr-250\/","title":{"rendered":"Cavolo Cappuccio o Crauto Rosso Pulito a Filetti gr.250"},"content":{"rendered":"<p>Il Cavolo Cappuccio o Crauto Rosso Pulito a Filetti \u00e8 una variet\u00e0 di cavolo dal caratteristico colore rosso-violaceo. \u00c8 noto per le sue foglie croccanti e saporite, che, una volta tagliate a filetti, sono ideali per insalate, contorni e piatti tradizionali. Il sapore del cavolo cappuccio rosso \u00e8 pi\u00f9 delicato rispetto alla variet\u00e0 verde, con una leggera nota di dolcezza che si esalta una volta cotto. \u00c8 anche ricco di vitamine, minerali e antiossidanti, rendendolo un alimento sano e nutriente. Viene spesso utilizzato per piatti come il crauto stufato o come accompagnamento per piatti di carne e pesce.<\/p>","protected":false},"excerpt":{"rendered":"<p>Contenuto: gr.250<\/p>\n<p>Aggiungi freschezza e salute alla tua tavola con il nostro cavolo cappuccio italiano, confezionato per la massima comodit\u00e0. Prodotto nostrano, rappresenta la qualit\u00e0 e la tradizione culinaria del nostro paese.<\/p>","protected":false},"featured_media":11707,"comment_status":"open","ping_status":"closed","template":"","meta":[],"product_brand":[],"product_cat":[89],"product_tag":[],"class_list":{"0":"post-11622","1":"product","2":"type-product","3":"status-publish","4":"has-post-thumbnail","6":"product_cat-pronte-alluso","8":"first","9":"instock","10":"shipping-taxable","11":"purchasable","12":"product-type-simple"},"_links":{"self":[{"href":"https:\/\/terraenatura.com\/en\/wp-json\/wp\/v2\/product\/11622","targetHints":{"allow":["GET"]}}],"collection":[{"href":"https:\/\/terraenatura.com\/en\/wp-json\/wp\/v2\/product"}],"about":[{"href":"https:\/\/terraenatura.com\/en\/wp-json\/wp\/v2\/types\/product"}],"replies":[{"embeddable":true,"href":"https:\/\/terraenatura.com\/en\/wp-json\/wp\/v2\/comments?post=11622"}],"version-history":[{"count":5,"href":"https:\/\/terraenatura.com\/en\/wp-json\/wp\/v2\/product\/11622\/revisions"}],"predecessor-version":[{"id":11776,"href":"https:\/\/terraenatura.com\/en\/wp-json\/wp\/v2\/product\/11622\/revisions\/11776"}],"wp:featuredmedia":[{"embeddable":true,"href":"https:\/\/terraenatura.com\/en\/wp-json\/wp\/v2\/media\/11707"}],"wp:attachment":[{"href":"https:\/\/terraenatura.com\/en\/wp-json\/wp\/v2\/media?parent=11622"}],"wp:term":[{"taxonomy":"product_brand","embeddable":true,"href":"https:\/\/terraenatura.com\/en\/wp-json\/wp\/v2\/product_brand?post=11622"},{"taxonomy":"product_cat","embeddable":true,"href":"https:\/\/terraenatura.com\/en\/wp-json\/wp\/v2\/product_cat?post=11622"},{"taxonomy":"product_tag","embeddable":true,"href":"https:\/\/terraenatura.com\/en\/wp-json\/wp\/v2\/product_tag?post=11622"}],"curies":[{"name":"wp","href":"https:\/\/api.w.org\/{rel}","templated":true}]}}