{"id":11688,"date":"2025-03-07T17:57:50","date_gmt":"2025-03-07T16:57:50","guid":{"rendered":"https:\/\/terraenatura.com\/?post_type=product&#038;p=11688"},"modified":"2026-01-07T11:47:26","modified_gmt":"2026-01-07T10:47:26","slug":"cavolfiore-romanesco-pulito-gr-500","status":"publish","type":"product","link":"https:\/\/terraenatura.com\/en\/product\/cavolfiore-romanesco-pulito-gr-500\/","title":{"rendered":"Cavolfiore Romanesco Pulito gr.500"},"content":{"rendered":"<p>Il <strong>Broccolo Romanesco Pulito<\/strong> \u00e8 una variet\u00e0 di cavolo broccolo dal caratteristico colore verde brillante e dalla forma geometrica unica, con infiorescenze a spirale. \u00c8 gi\u00e0 mondato e pronto per l&#8217;uso, ideale per cotture al vapore, in padella o al forno, mantenendo il suo sapore delicato e la croccantezza.<\/p>","protected":false},"excerpt":{"rendered":"<p>Contenuto: gr.500<\/p>\n<p>Con i nostri Broccoli Romaneschi Puliti\u00a0nostrani, puoi assaporare l\u2019autenticit\u00e0 e la freschezza dei prodotti della nostra terra. Confezionati per la tua comodit\u00e0, sono la scelta perfetta per chi cerca ingredienti di qualit\u00e0 per le proprie ricette.<\/p>","protected":false},"featured_media":11689,"comment_status":"open","ping_status":"closed","template":"","meta":[],"product_brand":[],"product_cat":[89],"product_tag":[],"class_list":{"0":"post-11688","1":"product","2":"type-product","3":"status-publish","4":"has-post-thumbnail","6":"product_cat-pronte-alluso","8":"first","9":"instock","10":"shipping-taxable","11":"purchasable","12":"product-type-simple"},"_links":{"self":[{"href":"https:\/\/terraenatura.com\/en\/wp-json\/wp\/v2\/product\/11688","targetHints":{"allow":["GET"]}}],"collection":[{"href":"https:\/\/terraenatura.com\/en\/wp-json\/wp\/v2\/product"}],"about":[{"href":"https:\/\/terraenatura.com\/en\/wp-json\/wp\/v2\/types\/product"}],"replies":[{"embeddable":true,"href":"https:\/\/terraenatura.com\/en\/wp-json\/wp\/v2\/comments?post=11688"}],"version-history":[{"count":2,"href":"https:\/\/terraenatura.com\/en\/wp-json\/wp\/v2\/product\/11688\/revisions"}],"predecessor-version":[{"id":13072,"href":"https:\/\/terraenatura.com\/en\/wp-json\/wp\/v2\/product\/11688\/revisions\/13072"}],"wp:featuredmedia":[{"embeddable":true,"href":"https:\/\/terraenatura.com\/en\/wp-json\/wp\/v2\/media\/11689"}],"wp:attachment":[{"href":"https:\/\/terraenatura.com\/en\/wp-json\/wp\/v2\/media?parent=11688"}],"wp:term":[{"taxonomy":"product_brand","embeddable":true,"href":"https:\/\/terraenatura.com\/en\/wp-json\/wp\/v2\/product_brand?post=11688"},{"taxonomy":"product_cat","embeddable":true,"href":"https:\/\/terraenatura.com\/en\/wp-json\/wp\/v2\/product_cat?post=11688"},{"taxonomy":"product_tag","embeddable":true,"href":"https:\/\/terraenatura.com\/en\/wp-json\/wp\/v2\/product_tag?post=11688"}],"curies":[{"name":"wp","href":"https:\/\/api.w.org\/{rel}","templated":true}]}}