{"id":11695,"date":"2025-03-07T18:09:24","date_gmt":"2025-03-07T17:09:24","guid":{"rendered":"https:\/\/terraenatura.com\/?post_type=product&#038;p=11695"},"modified":"2025-12-09T17:31:17","modified_gmt":"2025-12-09T16:31:17","slug":"cavolfiore-pulito-gr-500","status":"publish","type":"product","link":"https:\/\/terraenatura.com\/en\/product\/cavolfiore-pulito-gr-500\/","title":{"rendered":"Cavolfiore Pulito gr.500"},"content":{"rendered":"<p>Il <strong>Cavolfiore Pulito<\/strong> \u00e8 semplicemente il cavolfiore gi\u00e0 privato delle foglie esterne e del torsolo, pronto per essere cucinato. \u00c8 ideale per preparazioni rapide in cucina, come bollitura, cottura al vapore, gratin o soffritto.<\/p>","protected":false},"excerpt":{"rendered":"<p>Contenuto: gr.500<\/p>\n<p>Dai nostri campi direttamente alla tua cucina, i nostri cavolfiori sono confezionati con cura. Pronti all\u2019uso, ti offrono la versatilit\u00e0 di creare piatti deliziosi in modo semplice e veloce.<\/p>","protected":false},"featured_media":11696,"comment_status":"open","ping_status":"closed","template":"","meta":[],"product_brand":[],"product_cat":[89],"product_tag":[],"class_list":{"0":"post-11695","1":"product","2":"type-product","3":"status-publish","4":"has-post-thumbnail","6":"product_cat-pronte-alluso","8":"first","9":"instock","10":"shipping-taxable","11":"purchasable","12":"product-type-simple"},"_links":{"self":[{"href":"https:\/\/terraenatura.com\/en\/wp-json\/wp\/v2\/product\/11695","targetHints":{"allow":["GET"]}}],"collection":[{"href":"https:\/\/terraenatura.com\/en\/wp-json\/wp\/v2\/product"}],"about":[{"href":"https:\/\/terraenatura.com\/en\/wp-json\/wp\/v2\/types\/product"}],"replies":[{"embeddable":true,"href":"https:\/\/terraenatura.com\/en\/wp-json\/wp\/v2\/comments?post=11695"}],"version-history":[{"count":1,"href":"https:\/\/terraenatura.com\/en\/wp-json\/wp\/v2\/product\/11695\/revisions"}],"predecessor-version":[{"id":11697,"href":"https:\/\/terraenatura.com\/en\/wp-json\/wp\/v2\/product\/11695\/revisions\/11697"}],"wp:featuredmedia":[{"embeddable":true,"href":"https:\/\/terraenatura.com\/en\/wp-json\/wp\/v2\/media\/11696"}],"wp:attachment":[{"href":"https:\/\/terraenatura.com\/en\/wp-json\/wp\/v2\/media?parent=11695"}],"wp:term":[{"taxonomy":"product_brand","embeddable":true,"href":"https:\/\/terraenatura.com\/en\/wp-json\/wp\/v2\/product_brand?post=11695"},{"taxonomy":"product_cat","embeddable":true,"href":"https:\/\/terraenatura.com\/en\/wp-json\/wp\/v2\/product_cat?post=11695"},{"taxonomy":"product_tag","embeddable":true,"href":"https:\/\/terraenatura.com\/en\/wp-json\/wp\/v2\/product_tag?post=11695"}],"curies":[{"name":"wp","href":"https:\/\/api.w.org\/{rel}","templated":true}]}}