{"id":11711,"date":"2025-03-07T18:31:55","date_gmt":"2025-03-07T17:31:55","guid":{"rendered":"https:\/\/terraenatura.com\/?post_type=product&#038;p=11711"},"modified":"2025-12-09T17:30:45","modified_gmt":"2025-12-09T16:30:45","slug":"insalata-primavera-gr-400","status":"publish","type":"product","link":"https:\/\/terraenatura.com\/en\/product\/insalata-primavera-gr-400\/","title":{"rendered":"Insalata Primavera gr.400"},"content":{"rendered":"<p>L&#8217;Insalata Primavera \u00e8 un piatto fresco e colorato, tipicamente preparato con una variet\u00e0 di verdure di stagione.<\/p>","protected":false},"excerpt":{"rendered":"<p>Contenuto: gr.400<\/p>\n<p>Porta la freschezza e l\u2019autenticit\u00e0 delle nostre terre direttamente sulla tua tavola con la nostra Insalata Primavera. Questa prelibatezza \u00e8 confezionata per offrirti la massima comodit\u00e0, pronto all\u2019uso. La nostra garanzia di provenienza nostrana ti assicura la qualit\u00e0 e la bont\u00e0 delle nostre verdure.<\/p>\n<p>&nbsp;<\/p>","protected":false},"featured_media":11709,"comment_status":"open","ping_status":"closed","template":"","meta":[],"product_brand":[],"product_cat":[89],"product_tag":[],"class_list":{"0":"post-11711","1":"product","2":"type-product","3":"status-publish","4":"has-post-thumbnail","6":"product_cat-pronte-alluso","8":"first","9":"instock","10":"shipping-taxable","11":"purchasable","12":"product-type-simple"},"_links":{"self":[{"href":"https:\/\/terraenatura.com\/en\/wp-json\/wp\/v2\/product\/11711","targetHints":{"allow":["GET"]}}],"collection":[{"href":"https:\/\/terraenatura.com\/en\/wp-json\/wp\/v2\/product"}],"about":[{"href":"https:\/\/terraenatura.com\/en\/wp-json\/wp\/v2\/types\/product"}],"replies":[{"embeddable":true,"href":"https:\/\/terraenatura.com\/en\/wp-json\/wp\/v2\/comments?post=11711"}],"version-history":[{"count":4,"href":"https:\/\/terraenatura.com\/en\/wp-json\/wp\/v2\/product\/11711\/revisions"}],"predecessor-version":[{"id":11766,"href":"https:\/\/terraenatura.com\/en\/wp-json\/wp\/v2\/product\/11711\/revisions\/11766"}],"wp:featuredmedia":[{"embeddable":true,"href":"https:\/\/terraenatura.com\/en\/wp-json\/wp\/v2\/media\/11709"}],"wp:attachment":[{"href":"https:\/\/terraenatura.com\/en\/wp-json\/wp\/v2\/media?parent=11711"}],"wp:term":[{"taxonomy":"product_brand","embeddable":true,"href":"https:\/\/terraenatura.com\/en\/wp-json\/wp\/v2\/product_brand?post=11711"},{"taxonomy":"product_cat","embeddable":true,"href":"https:\/\/terraenatura.com\/en\/wp-json\/wp\/v2\/product_cat?post=11711"},{"taxonomy":"product_tag","embeddable":true,"href":"https:\/\/terraenatura.com\/en\/wp-json\/wp\/v2\/product_tag?post=11711"}],"curies":[{"name":"wp","href":"https:\/\/api.w.org\/{rel}","templated":true}]}}