{"id":11956,"date":"2025-03-14T18:23:32","date_gmt":"2025-03-14T17:23:32","guid":{"rendered":"https:\/\/terraenatura.com\/?post_type=product&#038;p=11956"},"modified":"2025-09-30T17:54:36","modified_gmt":"2025-09-30T15:54:36","slug":"mele-stark-1-padella-intera","status":"publish","type":"product","link":"https:\/\/terraenatura.com\/en\/product\/mele-stark-1-padella-intera\/","title":{"rendered":"Mele Stark &#8220;1-Padella Intera&#8221;"},"content":{"rendered":"<p>Le <strong>mele Stark Delicious<\/strong>, comunemente chiamate <strong>Stark<\/strong>, sono una variet\u00e0 di mela rossa originaria degli Stati Uniti, nota per il suo colore intenso e la forma leggermente allungata. La polpa \u00e8 dolce, succosa e poco acidula, con una consistenza croccante quando il frutto \u00e8 fresco.<\/p>\n<p>Questa mela \u00e8 molto apprezzata per il consumo fresco, ma pu\u00f2 essere utilizzata anche in dolci e succhi. Grazie alla sua buccia spessa e alla buona conservabilit\u00e0, si mantiene bene nel tempo.<\/p>","protected":false},"excerpt":{"rendered":"<p>Prov. Trentino-Alto Adige<\/p>\n<p>1 cassetta da 4\/5kg<\/p>","protected":false},"featured_media":11957,"comment_status":"open","ping_status":"closed","template":"","meta":[],"product_brand":[],"product_cat":[106],"product_tag":[],"class_list":{"0":"post-11956","1":"product","2":"type-product","3":"status-publish","4":"has-post-thumbnail","6":"product_cat-frutta-e-verdura-cassetta-intera","8":"first","9":"instock","10":"shipping-taxable","11":"purchasable","12":"product-type-simple"},"_links":{"self":[{"href":"https:\/\/terraenatura.com\/en\/wp-json\/wp\/v2\/product\/11956","targetHints":{"allow":["GET"]}}],"collection":[{"href":"https:\/\/terraenatura.com\/en\/wp-json\/wp\/v2\/product"}],"about":[{"href":"https:\/\/terraenatura.com\/en\/wp-json\/wp\/v2\/types\/product"}],"replies":[{"embeddable":true,"href":"https:\/\/terraenatura.com\/en\/wp-json\/wp\/v2\/comments?post=11956"}],"version-history":[{"count":1,"href":"https:\/\/terraenatura.com\/en\/wp-json\/wp\/v2\/product\/11956\/revisions"}],"predecessor-version":[{"id":11958,"href":"https:\/\/terraenatura.com\/en\/wp-json\/wp\/v2\/product\/11956\/revisions\/11958"}],"wp:featuredmedia":[{"embeddable":true,"href":"https:\/\/terraenatura.com\/en\/wp-json\/wp\/v2\/media\/11957"}],"wp:attachment":[{"href":"https:\/\/terraenatura.com\/en\/wp-json\/wp\/v2\/media?parent=11956"}],"wp:term":[{"taxonomy":"product_brand","embeddable":true,"href":"https:\/\/terraenatura.com\/en\/wp-json\/wp\/v2\/product_brand?post=11956"},{"taxonomy":"product_cat","embeddable":true,"href":"https:\/\/terraenatura.com\/en\/wp-json\/wp\/v2\/product_cat?post=11956"},{"taxonomy":"product_tag","embeddable":true,"href":"https:\/\/terraenatura.com\/en\/wp-json\/wp\/v2\/product_tag?post=11956"}],"curies":[{"name":"wp","href":"https:\/\/api.w.org\/{rel}","templated":true}]}}