{"id":12108,"date":"2025-03-25T09:20:00","date_gmt":"2025-03-25T08:20:00","guid":{"rendered":"https:\/\/terraenatura.com\/?post_type=product&#038;p=12108"},"modified":"2025-08-18T10:54:05","modified_gmt":"2025-08-18T08:54:05","slug":"sambuca-molinari-cl-70","status":"publish","type":"product","link":"https:\/\/terraenatura.com\/en\/product\/sambuca-molinari-cl-70\/","title":{"rendered":"Sambuca Molinari cl.70"},"content":{"rendered":"<p>La <strong>Sambuca Molinari<\/strong> \u00e8 un liquore dolce e forte a base di anice stellato, prodotto in Italia dalla famiglia Molinari dal 1945. \u00c8 caratterizzata dal suo gusto intenso e aromatico, con una nota speziata e un finale morbido e persistente. Tradizionalmente viene servita liscia, con ghiaccio o &#8220;con la mosca&#8221;, ovvero con l&#8217;aggiunta di tre chicchi di caff\u00e8. Grazie alla sua qualit\u00e0 e autenticit\u00e0, la Sambuca Molinari \u00e8 uno dei liquori pi\u00f9 apprezzati in Italia e nel mondo.<\/p>","protected":false},"excerpt":{"rendered":"<p>Contenuto: 1 Bottiglia 700 ml.<\/p>\n<p>&nbsp;<\/p>","protected":false},"featured_media":12109,"comment_status":"open","ping_status":"closed","template":"","meta":[],"product_brand":[],"product_cat":[159],"product_tag":[],"class_list":{"0":"post-12108","1":"product","2":"type-product","3":"status-publish","4":"has-post-thumbnail","6":"product_cat-birre-e-liquori","8":"first","9":"instock","10":"shipping-taxable","11":"purchasable","12":"product-type-simple"},"_links":{"self":[{"href":"https:\/\/terraenatura.com\/en\/wp-json\/wp\/v2\/product\/12108","targetHints":{"allow":["GET"]}}],"collection":[{"href":"https:\/\/terraenatura.com\/en\/wp-json\/wp\/v2\/product"}],"about":[{"href":"https:\/\/terraenatura.com\/en\/wp-json\/wp\/v2\/types\/product"}],"replies":[{"embeddable":true,"href":"https:\/\/terraenatura.com\/en\/wp-json\/wp\/v2\/comments?post=12108"}],"version-history":[{"count":1,"href":"https:\/\/terraenatura.com\/en\/wp-json\/wp\/v2\/product\/12108\/revisions"}],"predecessor-version":[{"id":12110,"href":"https:\/\/terraenatura.com\/en\/wp-json\/wp\/v2\/product\/12108\/revisions\/12110"}],"wp:featuredmedia":[{"embeddable":true,"href":"https:\/\/terraenatura.com\/en\/wp-json\/wp\/v2\/media\/12109"}],"wp:attachment":[{"href":"https:\/\/terraenatura.com\/en\/wp-json\/wp\/v2\/media?parent=12108"}],"wp:term":[{"taxonomy":"product_brand","embeddable":true,"href":"https:\/\/terraenatura.com\/en\/wp-json\/wp\/v2\/product_brand?post=12108"},{"taxonomy":"product_cat","embeddable":true,"href":"https:\/\/terraenatura.com\/en\/wp-json\/wp\/v2\/product_cat?post=12108"},{"taxonomy":"product_tag","embeddable":true,"href":"https:\/\/terraenatura.com\/en\/wp-json\/wp\/v2\/product_tag?post=12108"}],"curies":[{"name":"wp","href":"https:\/\/api.w.org\/{rel}","templated":true}]}}