{"id":12611,"date":"2025-04-30T18:32:15","date_gmt":"2025-04-30T16:32:15","guid":{"rendered":"https:\/\/terraenatura.com\/?post_type=product&#038;p=12611"},"modified":"2025-10-11T08:55:13","modified_gmt":"2025-10-11T06:55:13","slug":"pesca-saturnina-tabacchiera-gr-500","status":"publish","type":"product","link":"https:\/\/terraenatura.com\/en\/product\/pesca-saturnina-tabacchiera-gr-500\/","title":{"rendered":"Pesca Saturnina ( Tabacchiera ) GR.500"},"content":{"rendered":"<p>La pesca Saturnina, detta anche tabacchiera, \u00e8 una variet\u00e0 di pesca dalla forma schiacciata, con polpa bianca, dolce e profumata. \u00c8 molto apprezzata per il consumo fresco grazie al suo sapore intenso e delicato.<\/p>","protected":false},"excerpt":{"rendered":"<p>Provenienza : <strong>Spagna<\/strong><\/p>\n<p>Contenuto:\u00a0<b>500 gr totali circa<\/b><\/p>","protected":false},"featured_media":12612,"comment_status":"open","ping_status":"closed","template":"","meta":[],"product_brand":[],"product_cat":[87],"product_tag":[],"class_list":{"0":"post-12611","1":"product","2":"type-product","3":"status-publish","4":"has-post-thumbnail","6":"product_cat-frutta-fresca","8":"first","9":"outofstock","10":"shipping-taxable","11":"purchasable","12":"product-type-simple"},"_links":{"self":[{"href":"https:\/\/terraenatura.com\/en\/wp-json\/wp\/v2\/product\/12611","targetHints":{"allow":["GET"]}}],"collection":[{"href":"https:\/\/terraenatura.com\/en\/wp-json\/wp\/v2\/product"}],"about":[{"href":"https:\/\/terraenatura.com\/en\/wp-json\/wp\/v2\/types\/product"}],"replies":[{"embeddable":true,"href":"https:\/\/terraenatura.com\/en\/wp-json\/wp\/v2\/comments?post=12611"}],"version-history":[{"count":2,"href":"https:\/\/terraenatura.com\/en\/wp-json\/wp\/v2\/product\/12611\/revisions"}],"predecessor-version":[{"id":12615,"href":"https:\/\/terraenatura.com\/en\/wp-json\/wp\/v2\/product\/12611\/revisions\/12615"}],"wp:featuredmedia":[{"embeddable":true,"href":"https:\/\/terraenatura.com\/en\/wp-json\/wp\/v2\/media\/12612"}],"wp:attachment":[{"href":"https:\/\/terraenatura.com\/en\/wp-json\/wp\/v2\/media?parent=12611"}],"wp:term":[{"taxonomy":"product_brand","embeddable":true,"href":"https:\/\/terraenatura.com\/en\/wp-json\/wp\/v2\/product_brand?post=12611"},{"taxonomy":"product_cat","embeddable":true,"href":"https:\/\/terraenatura.com\/en\/wp-json\/wp\/v2\/product_cat?post=12611"},{"taxonomy":"product_tag","embeddable":true,"href":"https:\/\/terraenatura.com\/en\/wp-json\/wp\/v2\/product_tag?post=12611"}],"curies":[{"name":"wp","href":"https:\/\/api.w.org\/{rel}","templated":true}]}}