{"id":8595,"date":"2025-02-12T11:50:11","date_gmt":"2025-02-12T10:50:11","guid":{"rendered":"https:\/\/terraenatura.com\/?post_type=product&#038;p=8595"},"modified":"2026-03-26T10:02:45","modified_gmt":"2026-03-26T09:02:45","slug":"pompelmo-rosso-italia-kg-1","status":"publish","type":"product","link":"https:\/\/terraenatura.com\/en\/product\/pompelmo-rosso-italia-kg-1\/","title":{"rendered":"Pompelmo Rosso italia kg.1"},"content":{"rendered":"<p data-start=\"0\" data-end=\"302\">Il <strong data-start=\"3\" data-end=\"21\">pompelmo rosso<\/strong> coltivato in Italia \u00e8 un agrume dal gusto equilibrato tra dolce e acidulo, con una polpa succosa e di colore rosso intenso. Rispetto ad altre variet\u00e0, ha un sapore pi\u00f9 dolce grazie all&#8217;elevato contenuto di zuccheri naturali e una leggera nota amarognola tipica degli agrumi. \u00c8 ricco di vitamina C, antiossidanti e fibre, rendendolo un frutto ideale per rafforzare il sistema immunitario e favorire la digestione. In Italia, viene coltivato principalmente in <strong data-start=\"480\" data-end=\"491\">Sicilia<\/strong> e <strong data-start=\"494\" data-end=\"506\">Calabria<\/strong>, grazie al clima mite e soleggiato che ne favorisce la crescita e la qualit\u00e0.<\/p>","protected":false},"excerpt":{"rendered":"<p>Prov. Italia<\/p>\n<p>&nbsp;<\/p>\n<p>&nbsp;<\/p>","protected":false},"featured_media":8730,"comment_status":"open","ping_status":"closed","template":"","meta":[],"product_brand":[],"product_cat":[87],"product_tag":[],"class_list":{"0":"post-8595","1":"product","2":"type-product","3":"status-publish","4":"has-post-thumbnail","6":"product_cat-frutta-fresca","8":"first","9":"instock","10":"shipping-taxable","11":"purchasable","12":"product-type-simple"},"_links":{"self":[{"href":"https:\/\/terraenatura.com\/en\/wp-json\/wp\/v2\/product\/8595","targetHints":{"allow":["GET"]}}],"collection":[{"href":"https:\/\/terraenatura.com\/en\/wp-json\/wp\/v2\/product"}],"about":[{"href":"https:\/\/terraenatura.com\/en\/wp-json\/wp\/v2\/types\/product"}],"replies":[{"embeddable":true,"href":"https:\/\/terraenatura.com\/en\/wp-json\/wp\/v2\/comments?post=8595"}],"version-history":[{"count":2,"href":"https:\/\/terraenatura.com\/en\/wp-json\/wp\/v2\/product\/8595\/revisions"}],"predecessor-version":[{"id":10405,"href":"https:\/\/terraenatura.com\/en\/wp-json\/wp\/v2\/product\/8595\/revisions\/10405"}],"wp:featuredmedia":[{"embeddable":true,"href":"https:\/\/terraenatura.com\/en\/wp-json\/wp\/v2\/media\/8730"}],"wp:attachment":[{"href":"https:\/\/terraenatura.com\/en\/wp-json\/wp\/v2\/media?parent=8595"}],"wp:term":[{"taxonomy":"product_brand","embeddable":true,"href":"https:\/\/terraenatura.com\/en\/wp-json\/wp\/v2\/product_brand?post=8595"},{"taxonomy":"product_cat","embeddable":true,"href":"https:\/\/terraenatura.com\/en\/wp-json\/wp\/v2\/product_cat?post=8595"},{"taxonomy":"product_tag","embeddable":true,"href":"https:\/\/terraenatura.com\/en\/wp-json\/wp\/v2\/product_tag?post=8595"}],"curies":[{"name":"wp","href":"https:\/\/api.w.org\/{rel}","templated":true}]}}