{"id":8653,"date":"2025-02-12T15:39:01","date_gmt":"2025-02-12T14:39:01","guid":{"rendered":"https:\/\/terraenatura.com\/?post_type=product&#038;p=8653"},"modified":"2025-02-23T23:22:08","modified_gmt":"2025-02-23T22:22:08","slug":"lime","status":"publish","type":"product","link":"https:\/\/terraenatura.com\/en\/product\/lime\/","title":{"rendered":"Lime 1pz gr.100"},"content":{"rendered":"<p data-start=\"0\" data-end=\"340\">Il <strong data-start=\"3\" data-end=\"11\">lime<\/strong> \u00e8 un agrume appartenente al genere <em data-start=\"47\" data-end=\"55\">Citrus<\/em>, noto per il suo sapore acidulo e rinfrescante. \u00c8 simile al limone, ma ha una buccia pi\u00f9 sottile e liscia, spesso di colore verde anche a maturazione. Esistono diverse variet\u00e0 di lime, tra cui il <strong data-start=\"252\" data-end=\"290\">lime persiano (Citrus \u00d7 latifolia)<\/strong> e il <strong data-start=\"296\" data-end=\"337\">lime messicano (Citrus aurantiifolia)<\/strong>.<\/p>\n<p data-start=\"342\" data-end=\"535\" data-is-last-node=\"\">Il suo succo \u00e8 molto utilizzato in cucina e nella preparazione di cocktail come il mojito e la caipirinha. Inoltre, il lime \u00e8 ricco di vitamina C e possiede propriet\u00e0 antiossidanti e digestive.<\/p>","protected":false},"excerpt":{"rendered":"<p>Prov. Brasile<\/p>\n<p>1 Frutto circa 100gr<\/p>","protected":false},"featured_media":8708,"comment_status":"open","ping_status":"closed","template":"","meta":[],"product_brand":[],"product_cat":[87],"product_tag":[],"class_list":{"0":"post-8653","1":"product","2":"type-product","3":"status-publish","4":"has-post-thumbnail","6":"product_cat-frutta-fresca","8":"first","9":"instock","10":"shipping-taxable","11":"purchasable","12":"product-type-simple"},"_links":{"self":[{"href":"https:\/\/terraenatura.com\/en\/wp-json\/wp\/v2\/product\/8653","targetHints":{"allow":["GET"]}}],"collection":[{"href":"https:\/\/terraenatura.com\/en\/wp-json\/wp\/v2\/product"}],"about":[{"href":"https:\/\/terraenatura.com\/en\/wp-json\/wp\/v2\/types\/product"}],"replies":[{"embeddable":true,"href":"https:\/\/terraenatura.com\/en\/wp-json\/wp\/v2\/comments?post=8653"}],"version-history":[{"count":4,"href":"https:\/\/terraenatura.com\/en\/wp-json\/wp\/v2\/product\/8653\/revisions"}],"predecessor-version":[{"id":10377,"href":"https:\/\/terraenatura.com\/en\/wp-json\/wp\/v2\/product\/8653\/revisions\/10377"}],"wp:featuredmedia":[{"embeddable":true,"href":"https:\/\/terraenatura.com\/en\/wp-json\/wp\/v2\/media\/8708"}],"wp:attachment":[{"href":"https:\/\/terraenatura.com\/en\/wp-json\/wp\/v2\/media?parent=8653"}],"wp:term":[{"taxonomy":"product_brand","embeddable":true,"href":"https:\/\/terraenatura.com\/en\/wp-json\/wp\/v2\/product_brand?post=8653"},{"taxonomy":"product_cat","embeddable":true,"href":"https:\/\/terraenatura.com\/en\/wp-json\/wp\/v2\/product_cat?post=8653"},{"taxonomy":"product_tag","embeddable":true,"href":"https:\/\/terraenatura.com\/en\/wp-json\/wp\/v2\/product_tag?post=8653"}],"curies":[{"name":"wp","href":"https:\/\/api.w.org\/{rel}","templated":true}]}}