{"id":8657,"date":"2025-02-12T15:43:24","date_gmt":"2025-02-12T14:43:24","guid":{"rendered":"https:\/\/terraenatura.com\/?post_type=product&#038;p=8657"},"modified":"2025-11-24T11:05:32","modified_gmt":"2025-11-24T10:05:32","slug":"passion-fruit","status":"publish","type":"product","link":"https:\/\/terraenatura.com\/en\/product\/passion-fruit\/","title":{"rendered":"Passion Fruit 1 pz"},"content":{"rendered":"<p data-start=\"0\" data-end=\"368\">Il <strong data-start=\"3\" data-end=\"20\">passion fruit<\/strong>, o <strong data-start=\"24\" data-end=\"49\">frutto della passione<\/strong>, \u00e8 il frutto della Passiflora edulis, una pianta tropicale originaria del Sud America. Ha una buccia dura e rugosa che pu\u00f2 essere viola o gialla a seconda della variet\u00e0. La polpa interna \u00e8 gelatinosa, di colore arancione o giallo, con numerosi semi neri croccanti ed \u00e8 molto aromatica, con un sapore dolce e acidulo.<\/p>\n<p data-start=\"370\" data-end=\"576\" data-is-last-node=\"\">\u00c8 ricco di vitamina C, antiossidanti e fibre, ed \u00e8 spesso utilizzato in succhi, dessert, cocktail e dolci. Il suo profumo intenso e il gusto esotico lo rendono un ingrediente pregiato in molte ricette! \ud83c\udf4d\ud83e\udd6d<\/p>","protected":false},"excerpt":{"rendered":"<p>Prov. Colombia<\/p>\n<p>1 Frutto circa 50gr<\/p>","protected":false},"featured_media":8707,"comment_status":"open","ping_status":"closed","template":"","meta":[],"product_brand":[],"product_cat":[87],"product_tag":[],"class_list":{"0":"post-8657","1":"product","2":"type-product","3":"status-publish","4":"has-post-thumbnail","6":"product_cat-frutta-fresca","8":"first","9":"instock","10":"shipping-taxable","11":"purchasable","12":"product-type-simple"},"_links":{"self":[{"href":"https:\/\/terraenatura.com\/en\/wp-json\/wp\/v2\/product\/8657","targetHints":{"allow":["GET"]}}],"collection":[{"href":"https:\/\/terraenatura.com\/en\/wp-json\/wp\/v2\/product"}],"about":[{"href":"https:\/\/terraenatura.com\/en\/wp-json\/wp\/v2\/types\/product"}],"replies":[{"embeddable":true,"href":"https:\/\/terraenatura.com\/en\/wp-json\/wp\/v2\/comments?post=8657"}],"version-history":[{"count":2,"href":"https:\/\/terraenatura.com\/en\/wp-json\/wp\/v2\/product\/8657\/revisions"}],"predecessor-version":[{"id":10374,"href":"https:\/\/terraenatura.com\/en\/wp-json\/wp\/v2\/product\/8657\/revisions\/10374"}],"wp:featuredmedia":[{"embeddable":true,"href":"https:\/\/terraenatura.com\/en\/wp-json\/wp\/v2\/media\/8707"}],"wp:attachment":[{"href":"https:\/\/terraenatura.com\/en\/wp-json\/wp\/v2\/media?parent=8657"}],"wp:term":[{"taxonomy":"product_brand","embeddable":true,"href":"https:\/\/terraenatura.com\/en\/wp-json\/wp\/v2\/product_brand?post=8657"},{"taxonomy":"product_cat","embeddable":true,"href":"https:\/\/terraenatura.com\/en\/wp-json\/wp\/v2\/product_cat?post=8657"},{"taxonomy":"product_tag","embeddable":true,"href":"https:\/\/terraenatura.com\/en\/wp-json\/wp\/v2\/product_tag?post=8657"}],"curies":[{"name":"wp","href":"https:\/\/api.w.org\/{rel}","templated":true}]}}