{"id":8798,"date":"2025-02-13T11:54:13","date_gmt":"2025-02-13T10:54:13","guid":{"rendered":"https:\/\/terraenatura.com\/?post_type=product&#038;p=8798"},"modified":"2026-05-07T17:06:27","modified_gmt":"2026-05-07T15:06:27","slug":"carciofi-violetto-1-pz","status":"publish","type":"product","link":"https:\/\/terraenatura.com\/en\/product\/carciofi-violetto-1-pz\/","title":{"rendered":"Carciofi Violetto 1 pz."},"content":{"rendered":"<p data-start=\"0\" data-end=\"320\">Il carciofo violetto fresco \u00e8 una variet\u00e0 di carciofo caratterizzata da un colore violaceo intenso, foglie tenere e una forma allungata. Ha un sapore delicato, leggermente amarognolo, ed \u00e8 particolarmente apprezzato per la sua versatilit\u00e0 in cucina. Si pu\u00f2 gustare crudo in insalata, grigliato, fritto o utilizzato in primi e contorni. Inoltre, \u00e8 ricco di fibre, antiossidanti e sostanze benefiche per il fegato e la digestione.<\/p>","protected":false},"excerpt":{"rendered":"<p>Prov. Italia<\/p>","protected":false},"featured_media":8799,"comment_status":"open","ping_status":"closed","template":"","meta":[],"product_brand":[],"product_cat":[88],"product_tag":[],"class_list":{"0":"post-8798","1":"product","2":"type-product","3":"status-publish","4":"has-post-thumbnail","6":"product_cat-verdura-fresca","8":"first","9":"instock","10":"shipping-taxable","11":"purchasable","12":"product-type-simple"},"_links":{"self":[{"href":"https:\/\/terraenatura.com\/en\/wp-json\/wp\/v2\/product\/8798","targetHints":{"allow":["GET"]}}],"collection":[{"href":"https:\/\/terraenatura.com\/en\/wp-json\/wp\/v2\/product"}],"about":[{"href":"https:\/\/terraenatura.com\/en\/wp-json\/wp\/v2\/types\/product"}],"replies":[{"embeddable":true,"href":"https:\/\/terraenatura.com\/en\/wp-json\/wp\/v2\/comments?post=8798"}],"version-history":[{"count":6,"href":"https:\/\/terraenatura.com\/en\/wp-json\/wp\/v2\/product\/8798\/revisions"}],"predecessor-version":[{"id":13093,"href":"https:\/\/terraenatura.com\/en\/wp-json\/wp\/v2\/product\/8798\/revisions\/13093"}],"wp:featuredmedia":[{"embeddable":true,"href":"https:\/\/terraenatura.com\/en\/wp-json\/wp\/v2\/media\/8799"}],"wp:attachment":[{"href":"https:\/\/terraenatura.com\/en\/wp-json\/wp\/v2\/media?parent=8798"}],"wp:term":[{"taxonomy":"product_brand","embeddable":true,"href":"https:\/\/terraenatura.com\/en\/wp-json\/wp\/v2\/product_brand?post=8798"},{"taxonomy":"product_cat","embeddable":true,"href":"https:\/\/terraenatura.com\/en\/wp-json\/wp\/v2\/product_cat?post=8798"},{"taxonomy":"product_tag","embeddable":true,"href":"https:\/\/terraenatura.com\/en\/wp-json\/wp\/v2\/product_tag?post=8798"}],"curies":[{"name":"wp","href":"https:\/\/api.w.org\/{rel}","templated":true}]}}