{"id":8871,"date":"2025-02-13T19:13:04","date_gmt":"2025-02-13T18:13:04","guid":{"rendered":"https:\/\/terraenatura.com\/?post_type=product&#038;p=8871"},"modified":"2026-05-07T17:20:48","modified_gmt":"2026-05-07T15:20:48","slug":"insalata-scarola-1-pz-gr-500","status":"publish","type":"product","link":"https:\/\/terraenatura.com\/en\/product\/insalata-scarola-1-pz-gr-500\/","title":{"rendered":"Insalata Scarola 1 pz. gr.500"},"content":{"rendered":"<article class=\"w-full text-token-text-primary focus-visible:outline-2 focus-visible:outline-offset-[-4px]\" dir=\"auto\" data-testid=\"conversation-turn-2\" data-scroll-anchor=\"false\">\n<div class=\"m-auto text-base py-[18px] px-6\">\n<div class=\"mx-auto flex flex-1 gap-4 text-base md:gap-5 lg:gap-6 md:max-w-3xl lg:max-w-[40rem] xl:max-w-[48rem]\">\n<div class=\"group\/conversation-turn relative flex w-full min-w-0 flex-col @xs\/thread:px-0 @sm\/thread:px-1.5 @md\/thread:px-4\">\n<div class=\"flex-col gap-1 md:gap-3\">\n<div class=\"flex max-w-full flex-col flex-grow\">\n<div class=\"min-h-8 text-message flex w-full flex-col items-end gap-2 whitespace-normal break-words text-start [.text-message+&amp;]:mt-5\" dir=\"auto\" data-message-author-role=\"user\" data-message-id=\"d0c5bacc-b037-4ea6-a47b-3de672674123\">\n<div class=\"flex w-full flex-col gap-1 empty:hidden items-end rtl:items-start\">\n<div class=\"relative max-w-[var(--user-chat-width,70%)] rounded-3xl bg-token-message-surface px-5 py-2.5\">\n<div class=\"whitespace-pre-wrap\">L&#8217;insalata scarola \u00e8 una variet\u00e0 di cicoria caratterizzata da foglie ampie, croccanti e leggermente ondulate, di colore verde chiaro. Ha un sapore delicatamente amarognolo ed \u00e8 molto versatile in cucina. Si pu\u00f2 consumare cruda in insalata, spesso accompagnata da olive, acciughe e noci, oppure cotta in zuppe, ripieni o saltata in padella con aglio e peperoncino. \u00c8 ricca di fibre, vitamine (soprattutto A e C) e sali minerali, ed \u00e8 apprezzata per le sue propriet\u00e0 digestive e depurative.<\/div>\n<\/div>\n<\/div>\n<\/div>\n<\/div>\n<\/div>\n<\/div>\n<\/div>\n<\/div>\n<\/article>\n","protected":false},"excerpt":{"rendered":"<p>Prov. Nostrana<\/p>\n<p>Contenuto:\u00a0500 gr totali circa<\/p>\n<p>&nbsp;<\/p>","protected":false},"featured_media":8866,"comment_status":"open","ping_status":"closed","template":"","meta":[],"product_brand":[],"product_cat":[88],"product_tag":[],"class_list":{"0":"post-8871","1":"product","2":"type-product","3":"status-publish","4":"has-post-thumbnail","6":"product_cat-verdura-fresca","8":"first","9":"instock","10":"shipping-taxable","11":"purchasable","12":"product-type-simple"},"_links":{"self":[{"href":"https:\/\/terraenatura.com\/en\/wp-json\/wp\/v2\/product\/8871","targetHints":{"allow":["GET"]}}],"collection":[{"href":"https:\/\/terraenatura.com\/en\/wp-json\/wp\/v2\/product"}],"about":[{"href":"https:\/\/terraenatura.com\/en\/wp-json\/wp\/v2\/types\/product"}],"replies":[{"embeddable":true,"href":"https:\/\/terraenatura.com\/en\/wp-json\/wp\/v2\/comments?post=8871"}],"version-history":[{"count":5,"href":"https:\/\/terraenatura.com\/en\/wp-json\/wp\/v2\/product\/8871\/revisions"}],"predecessor-version":[{"id":12319,"href":"https:\/\/terraenatura.com\/en\/wp-json\/wp\/v2\/product\/8871\/revisions\/12319"}],"wp:featuredmedia":[{"embeddable":true,"href":"https:\/\/terraenatura.com\/en\/wp-json\/wp\/v2\/media\/8866"}],"wp:attachment":[{"href":"https:\/\/terraenatura.com\/en\/wp-json\/wp\/v2\/media?parent=8871"}],"wp:term":[{"taxonomy":"product_brand","embeddable":true,"href":"https:\/\/terraenatura.com\/en\/wp-json\/wp\/v2\/product_brand?post=8871"},{"taxonomy":"product_cat","embeddable":true,"href":"https:\/\/terraenatura.com\/en\/wp-json\/wp\/v2\/product_cat?post=8871"},{"taxonomy":"product_tag","embeddable":true,"href":"https:\/\/terraenatura.com\/en\/wp-json\/wp\/v2\/product_tag?post=8871"}],"curies":[{"name":"wp","href":"https:\/\/api.w.org\/{rel}","templated":true}]}}