{"id":8939,"date":"2025-02-14T12:20:23","date_gmt":"2025-02-14T11:20:23","guid":{"rendered":"https:\/\/terraenatura.com\/?post_type=product&#038;p=8939"},"modified":"2026-04-15T10:40:30","modified_gmt":"2026-04-15T08:40:30","slug":"radicchio-variegato-di-castelfranco-gr-500","status":"publish","type":"product","link":"https:\/\/terraenatura.com\/en\/product\/radicchio-variegato-di-castelfranco-gr-500\/","title":{"rendered":"Radicchio variegato di Castelfranco gr.500"},"content":{"rendered":"<article class=\"w-full text-token-text-primary focus-visible:outline-2 focus-visible:outline-offset-[-4px]\" dir=\"auto\" data-testid=\"conversation-turn-2\" data-scroll-anchor=\"false\">\n<div class=\"m-auto text-base py-[18px] px-6\">\n<div class=\"mx-auto flex flex-1 gap-4 text-base md:gap-5 lg:gap-6 md:max-w-3xl lg:max-w-[40rem] xl:max-w-[48rem]\">\n<div class=\"group\/conversation-turn relative flex w-full min-w-0 flex-col @xs\/thread:px-0 @sm\/thread:px-1.5 @md\/thread:px-4\">\n<div class=\"flex-col gap-1 md:gap-3\">\n<div class=\"flex max-w-full flex-col flex-grow\">\n<div class=\"min-h-8 text-message flex w-full flex-col items-end gap-2 whitespace-normal break-words text-start [.text-message+&amp;]:mt-5\" dir=\"auto\" data-message-author-role=\"user\" data-message-id=\"d0c5bacc-b037-4ea6-a47b-3de672674123\">\n<div class=\"flex w-full flex-col gap-1 empty:hidden items-end rtl:items-start\">\n<div class=\"relative max-w-[var(--user-chat-width,70%)] rounded-3xl bg-token-message-surface px-5 py-2.5\">\n<div class=\"whitespace-pre-wrap\">\n<p data-start=\"0\" data-end=\"224\">Il Radicchio Variegato di Castelfranco \u00e8 una variet\u00e0 di radicchio tipica della zona di Castelfranco Veneto, in provincia di Treviso. Questo ortaggio ha una caratteristica forma a rosetta e le sue foglie, di colore verde chiaro con venature rosse, sono croccanti e tenderissime. Ha un sapore delicato, leggermente amarognolo, ma meno intenso rispetto ad altre variet\u00e0 di radicchio. La variet\u00e0 \u00e8 apprezzata soprattutto per il suo aspetto elegante e la sua versatilit\u00e0 in cucina: viene utilizzato in insalate, piatti cotti, o anche grigliato, mantenendo sempre una piacevole dolcezza.<\/p>\n<\/div>\n<\/div>\n<\/div>\n<\/div>\n<\/div>\n<\/div>\n<\/div>\n<\/div>\n<\/div>\n<\/article>\n","protected":false},"excerpt":{"rendered":"<p>Prov. Italia<\/p>\n<p>1 Radicchio Circa 500gr<\/p>\n<p>\u20ac5,80 al kg<\/p>","protected":false},"featured_media":8940,"comment_status":"open","ping_status":"closed","template":"","meta":[],"product_brand":[],"product_cat":[88],"product_tag":[],"class_list":{"0":"post-8939","1":"product","2":"type-product","3":"status-publish","4":"has-post-thumbnail","6":"product_cat-verdura-fresca","8":"first","9":"outofstock","10":"shipping-taxable","11":"purchasable","12":"product-type-simple"},"_links":{"self":[{"href":"https:\/\/terraenatura.com\/en\/wp-json\/wp\/v2\/product\/8939","targetHints":{"allow":["GET"]}}],"collection":[{"href":"https:\/\/terraenatura.com\/en\/wp-json\/wp\/v2\/product"}],"about":[{"href":"https:\/\/terraenatura.com\/en\/wp-json\/wp\/v2\/types\/product"}],"replies":[{"embeddable":true,"href":"https:\/\/terraenatura.com\/en\/wp-json\/wp\/v2\/comments?post=8939"}],"version-history":[{"count":2,"href":"https:\/\/terraenatura.com\/en\/wp-json\/wp\/v2\/product\/8939\/revisions"}],"predecessor-version":[{"id":10303,"href":"https:\/\/terraenatura.com\/en\/wp-json\/wp\/v2\/product\/8939\/revisions\/10303"}],"wp:featuredmedia":[{"embeddable":true,"href":"https:\/\/terraenatura.com\/en\/wp-json\/wp\/v2\/media\/8940"}],"wp:attachment":[{"href":"https:\/\/terraenatura.com\/en\/wp-json\/wp\/v2\/media?parent=8939"}],"wp:term":[{"taxonomy":"product_brand","embeddable":true,"href":"https:\/\/terraenatura.com\/en\/wp-json\/wp\/v2\/product_brand?post=8939"},{"taxonomy":"product_cat","embeddable":true,"href":"https:\/\/terraenatura.com\/en\/wp-json\/wp\/v2\/product_cat?post=8939"},{"taxonomy":"product_tag","embeddable":true,"href":"https:\/\/terraenatura.com\/en\/wp-json\/wp\/v2\/product_tag?post=8939"}],"curies":[{"name":"wp","href":"https:\/\/api.w.org\/{rel}","templated":true}]}}