{"id":9440,"date":"2025-02-18T12:54:37","date_gmt":"2025-02-18T11:54:37","guid":{"rendered":"https:\/\/terraenatura.com\/?post_type=product&#038;p=9440"},"modified":"2025-08-18T12:10:26","modified_gmt":"2025-08-18T10:10:26","slug":"senape-rotisseur","status":"publish","type":"product","link":"https:\/\/terraenatura.com\/en\/product\/senape-rotisseur\/","title":{"rendered":"Senape R\u00f4tisseur Louit Fr\u00e8res gr.130"},"content":{"rendered":"<p>La <strong>Senape R\u00f4tisseur Louit Fr\u00e8res<\/strong> \u00e8 una senape granulosa dal gusto deciso e aromatico, ideale per accompagnare carni grigliate, wurstel e piatti tipici della tradizione tedesca e francese. Prodotta dal marchio storico Louit Fr\u00e8res, si distingue per la sua consistenza rustica e il sapore leggermente piccante, grazie ai grani di senape macinati grossolanamente. Perfetta per esaltare il gusto dei piatti senza coprirlo, \u00e8 apprezzata dagli amanti della cucina gourmet.<\/p>","protected":false},"excerpt":{"rendered":"<p>1 Barattolo 130 gr.<\/p>\n<p>&nbsp;<\/p>","protected":false},"featured_media":9441,"comment_status":"open","ping_status":"closed","template":"","meta":[],"product_brand":[],"product_cat":[100],"product_tag":[],"class_list":{"0":"post-9440","1":"product","2":"type-product","3":"status-publish","4":"has-post-thumbnail","6":"product_cat-sottoli-e-conservati","8":"first","9":"outofstock","10":"shipping-taxable","11":"purchasable","12":"product-type-simple"},"_links":{"self":[{"href":"https:\/\/terraenatura.com\/en\/wp-json\/wp\/v2\/product\/9440","targetHints":{"allow":["GET"]}}],"collection":[{"href":"https:\/\/terraenatura.com\/en\/wp-json\/wp\/v2\/product"}],"about":[{"href":"https:\/\/terraenatura.com\/en\/wp-json\/wp\/v2\/types\/product"}],"replies":[{"embeddable":true,"href":"https:\/\/terraenatura.com\/en\/wp-json\/wp\/v2\/comments?post=9440"}],"version-history":[{"count":4,"href":"https:\/\/terraenatura.com\/en\/wp-json\/wp\/v2\/product\/9440\/revisions"}],"predecessor-version":[{"id":10190,"href":"https:\/\/terraenatura.com\/en\/wp-json\/wp\/v2\/product\/9440\/revisions\/10190"}],"wp:featuredmedia":[{"embeddable":true,"href":"https:\/\/terraenatura.com\/en\/wp-json\/wp\/v2\/media\/9441"}],"wp:attachment":[{"href":"https:\/\/terraenatura.com\/en\/wp-json\/wp\/v2\/media?parent=9440"}],"wp:term":[{"taxonomy":"product_brand","embeddable":true,"href":"https:\/\/terraenatura.com\/en\/wp-json\/wp\/v2\/product_brand?post=9440"},{"taxonomy":"product_cat","embeddable":true,"href":"https:\/\/terraenatura.com\/en\/wp-json\/wp\/v2\/product_cat?post=9440"},{"taxonomy":"product_tag","embeddable":true,"href":"https:\/\/terraenatura.com\/en\/wp-json\/wp\/v2\/product_tag?post=9440"}],"curies":[{"name":"wp","href":"https:\/\/api.w.org\/{rel}","templated":true}]}}