{"id":9457,"date":"2025-02-18T15:53:38","date_gmt":"2025-02-18T14:53:38","guid":{"rendered":"https:\/\/terraenatura.com\/?post_type=product&#038;p=9457"},"modified":"2025-02-23T16:41:40","modified_gmt":"2025-02-23T15:41:40","slug":"maionese-classica-tubo-calve","status":"publish","type":"product","link":"https:\/\/terraenatura.com\/en\/product\/maionese-classica-tubo-calve\/","title":{"rendered":"Maionese Classica Tubo Calv\u00e8 ml.150"},"content":{"rendered":"<p>La <strong>Maionese Classica Calv\u00e9<\/strong> in <strong>tubo<\/strong> \u00e8 una salsa cremosa e dal gusto equilibrato, realizzata con ingredienti di qualit\u00e0 come uova da allevamento a terra, olio di semi di girasole e aceto. Perfetta per arricchire panini, insalate, carne e pesce, il suo formato in tubo \u00e8 pratico e consente di dosare la quantit\u00e0 desiderata senza sprechi. Un&#8217;alleata versatile in cucina per dare un tocco di gusto in pi\u00f9 ai tuoi piatti! \ud83c\udf7d\ufe0f\ud83d\ude0b<\/p>","protected":false},"excerpt":{"rendered":"<p>1 Barattolo 150 ml.<\/p>\n<p>.<\/p>\n<p>&nbsp;<\/p>","protected":false},"featured_media":9452,"comment_status":"open","ping_status":"closed","template":"","meta":[],"product_brand":[],"product_cat":[100],"product_tag":[],"class_list":{"0":"post-9457","1":"product","2":"type-product","3":"status-publish","4":"has-post-thumbnail","6":"product_cat-sottoli-e-conservati","8":"first","9":"instock","10":"shipping-taxable","11":"purchasable","12":"product-type-simple"},"_links":{"self":[{"href":"https:\/\/terraenatura.com\/en\/wp-json\/wp\/v2\/product\/9457","targetHints":{"allow":["GET"]}}],"collection":[{"href":"https:\/\/terraenatura.com\/en\/wp-json\/wp\/v2\/product"}],"about":[{"href":"https:\/\/terraenatura.com\/en\/wp-json\/wp\/v2\/types\/product"}],"replies":[{"embeddable":true,"href":"https:\/\/terraenatura.com\/en\/wp-json\/wp\/v2\/comments?post=9457"}],"version-history":[{"count":2,"href":"https:\/\/terraenatura.com\/en\/wp-json\/wp\/v2\/product\/9457\/revisions"}],"predecessor-version":[{"id":10180,"href":"https:\/\/terraenatura.com\/en\/wp-json\/wp\/v2\/product\/9457\/revisions\/10180"}],"wp:featuredmedia":[{"embeddable":true,"href":"https:\/\/terraenatura.com\/en\/wp-json\/wp\/v2\/media\/9452"}],"wp:attachment":[{"href":"https:\/\/terraenatura.com\/en\/wp-json\/wp\/v2\/media?parent=9457"}],"wp:term":[{"taxonomy":"product_brand","embeddable":true,"href":"https:\/\/terraenatura.com\/en\/wp-json\/wp\/v2\/product_brand?post=9457"},{"taxonomy":"product_cat","embeddable":true,"href":"https:\/\/terraenatura.com\/en\/wp-json\/wp\/v2\/product_cat?post=9457"},{"taxonomy":"product_tag","embeddable":true,"href":"https:\/\/terraenatura.com\/en\/wp-json\/wp\/v2\/product_tag?post=9457"}],"curies":[{"name":"wp","href":"https:\/\/api.w.org\/{rel}","templated":true}]}}